{"id":121,"date":"2021-03-31T11:50:01","date_gmt":"2021-03-31T09:50:01","guid":{"rendered":"http:\/\/swp-dev.com\/wordpress\/?page_id=121"},"modified":"2024-04-28T17:07:45","modified_gmt":"2024-04-28T15:07:45","slug":"politique-de-cookies","status":"publish","type":"page","link":"https:\/\/swp-dev.com\/asaf-test\/politique-de-cookies\/","title":{"rendered":"Politique de cookies"},"content":{"rendered":"<p>[et_pb_section fb_built=\u00a0\u00bb1&Prime; _builder_version=\u00a0\u00bb4.25.0&Prime; custom_margin=\u00a0\u00bb0px||0px||true|false\u00a0\u00bb custom_padding=\u00a0\u00bb0px||0px||true|false\u00a0\u00bb global_colors_info=\u00a0\u00bb{}\u00a0\u00bb][et_pb_row _builder_version=\u00a0\u00bb4.24.3&Prime; background_size=\u00a0\u00bbinitial\u00a0\u00bb background_position=\u00a0\u00bbtop_left\u00a0\u00bb background_repeat=\u00a0\u00bbrepeat\u00a0\u00bb width=\u00a0\u00bb100%\u00a0\u00bb max_width=\u00a0\u00bb100%\u00a0\u00bb module_alignment=\u00a0\u00bbcenter\u00a0\u00bb custom_margin=\u00a0\u00bb0px|0px||0px|false|true\u00a0\u00bb custom_padding=\u00a0\u00bb0px|0px||0px|false|true\u00a0\u00bb global_colors_info=\u00a0\u00bb{}\u00a0\u00bb][et_pb_column type=\u00a0\u00bb4_4&Prime; _builder_version=\u00a0\u00bb4.16&Prime; custom_padding=\u00a0\u00bb|||\u00a0\u00bb global_colors_info=\u00a0\u00bb{}\u00a0\u00bb custom_padding__hover=\u00a0\u00bb|||\u00a0\u00bb][et_pb_image src=\u00a0\u00bbhttps:\/\/swp-dev.com\/asaf-test\/wp-content\/uploads\/2024\/04\/bandeau-politique-cookies1900x290.jpg\u00a0\u00bb title_text=\u00a0\u00bbbandeau-politique-cookies1900x290&Prime; align=\u00a0\u00bbcenter\u00a0\u00bb force_fullwidth=\u00a0\u00bbon\u00a0\u00bb admin_label=\u00a0\u00bbImage 1900&#215;290&Prime; _builder_version=\u00a0\u00bb4.25.0&Prime; _module_preset=\u00a0\u00bbdefault\u00a0\u00bb global_colors_info=\u00a0\u00bb{}\u00a0\u00bb][\/et_pb_image][et_pb_text admin_label=\u00a0\u00bbh1 Politique de cookies\u00a0\u00bb _builder_version=\u00a0\u00bb4.25.0&Prime; text_font=\u00a0\u00bb|600|||||||\u00a0\u00bb header_font=\u00a0\u00bb|||on|||||\u00a0\u00bb hover_enabled=\u00a0\u00bb0&Prime; global_colors_info=\u00a0\u00bb{}\u00a0\u00bb _module_preset=\u00a0\u00bb96bf8191-23c7-47ba-bd5e-9226766feec2&Prime; sticky_enabled=\u00a0\u00bb0&Prime;]<\/p>\n<h1 style=\"text-align: center;\"><strong>Politique de cookies<\/strong><\/h1>\n<p>[\/et_pb_text][\/et_pb_column][\/et_pb_row][et_pb_row column_structure=\u00a0\u00bb2_5,3_5&Prime; _builder_version=\u00a0\u00bb4.25.0&Prime; _module_preset=\u00a0\u00bbdefault\u00a0\u00bb width=\u00a0\u00bb100%\u00a0\u00bb max_width=\u00a0\u00bb100%\u00a0\u00bb module_alignment=\u00a0\u00bbcenter\u00a0\u00bb custom_margin=\u00a0\u00bb40px|0px|40px|0px|false|true\u00a0\u00bb custom_padding=\u00a0\u00bb0px|5vw|0px|5vw|true|true\u00a0\u00bb global_colors_info=\u00a0\u00bb{}\u00a0\u00bb][et_pb_column type=\u00a0\u00bb2_5&Prime; _builder_version=\u00a0\u00bb4.24.3&Prime; _module_preset=\u00a0\u00bbdefault\u00a0\u00bb custom_padding=\u00a0\u00bb|0px||0px|false|true\u00a0\u00bb custom_css_main_element=\u00a0\u00bbwidth:30vw!important;margin:0 4vw 0 0!important;\u00a0\u00bb global_colors_info=\u00a0\u00bb{}\u00a0\u00bb][et_pb_image src=\u00a0\u00bbhttps:\/\/swp-dev.com\/asaf-test\/wp-content\/uploads\/2024\/04\/cookies-col.jpg\u00a0\u00bb title_text=\u00a0\u00bbcookies-col\u00a0\u00bb force_fullwidth=\u00a0\u00bbon\u00a0\u00bb admin_label=\u00a0\u00bbImage \u00a0\u00bb _builder_version=\u00a0\u00bb4.25.0&Prime; _module_preset=\u00a0\u00bbdefault\u00a0\u00bb custom_margin=\u00a0\u00bb0px|0px|0px|0px|true|true\u00a0\u00bb custom_padding=\u00a0\u00bb0px|0px|0px|0px|true|true\u00a0\u00bb global_colors_info=\u00a0\u00bb{}\u00a0\u00bb][\/et_pb_image][\/et_pb_column][et_pb_column type=\u00a0\u00bb3_5&Prime; _builder_version=\u00a0\u00bb4.24.3&Prime; _module_preset=\u00a0\u00bbdefault\u00a0\u00bb custom_padding=\u00a0\u00bb|0px||0px|false|true\u00a0\u00bb custom_css_main_element=\u00a0\u00bbwidth:55vw!important;margin:0!important;\u00a0\u00bb global_colors_info=\u00a0\u00bb{}\u00a0\u00bb][et_pb_text _builder_version=\u00a0\u00bb4.25.0&Prime; background_size=\u00a0\u00bbinitial\u00a0\u00bb background_position=\u00a0\u00bbtop_left\u00a0\u00bb background_repeat=\u00a0\u00bbrepeat\u00a0\u00bb global_colors_info=\u00a0\u00bb{}\u00a0\u00bb]<\/p>\n<h2>\u00c0 propos de cette politique de cookies<\/h2>\n<p>Cette politique de cookies explique ce que sont les cookies et comment nous les utilisons, les types de cookies que nous utilisons, c&rsquo;est-\u00e0-dire les informations que nous collectons \u00e0 l&rsquo;aide de cookies et comment ces informations sont utilis\u00e9es, et comment contr\u00f4ler les pr\u00e9f\u00e9rences de cookies. Pour plus d&rsquo;informations sur la fa\u00e7on dont nous utilisons, stockons et gardons vos donn\u00e9es personnelles en s\u00e9curit\u00e9, consultez notre politique de confidentialit\u00e9. Vous pouvez \u00e0 tout moment modifier ou retirer votre consentement \u00e0 la d\u00e9claration relative aux cookies sur notre site Web<br \/>\nEn savoir plus sur qui nous sommes, comment vous pouvez nous contacter et comment nous traitons les donn\u00e9es personnelles dans notre politique de confidentialit\u00e9.<br \/>\nVotre consentement s&rsquo;applique aux domaines suivants: ??? [user_consent_state]<\/p>\n<h2>Que sont les cookies ?<\/h2>\n<p>Les cookies sont de petits fichiers texte utilis\u00e9s pour stocker de petites informations. Ils sont stock\u00e9s sur votre appareil lorsque le site Web est charg\u00e9 sur votre navigateur. Ces cookies nous aident \u00e0 faire fonctionner correctement le site Web, \u00e0 le rendre plus s\u00e9curis\u00e9, \u00e0 offrir une meilleure exp\u00e9rience utilisateur, \u00e0 comprendre comment le site Web fonctionne et \u00e0 analyser ce qui fonctionne et o\u00f9 il doit \u00eatre am\u00e9lior\u00e9.<\/p>\n<h2>Comment utilisons-nous les cookies?<\/h2>\n<p>Comme la plupart des services en ligne, notre site Web utilise des cookies propri\u00e9taires et tiers \u00e0 plusieurs fins. Les cookies de premi\u00e8re partie sont principalement n\u00e9cessaires au bon fonctionnement du site Web et ils ne collectent aucune de vos donn\u00e9es personnellement identifiables.<br \/>\nLes cookies tiers utilis\u00e9s sur notre site Web sont principalement destin\u00e9s \u00e0 comprendre comment le site Web fonctionne, comment vous interagissez avec notre site Web, en assurant la s\u00e9curit\u00e9 de nos services, en fournissant des publicit\u00e9s pertinentes pour vous, et dans l&rsquo;ensemble, vous offrant une exp\u00e9rience utilisateur meilleure et am\u00e9lior\u00e9e et vous aidant \u00e0 acc\u00e9l\u00e9rer vos futures interactions avec notre site Web.<\/p>\n<h2>Quels types de cookies utilisons-nous?<\/h2>\n<ul>\n<li><strong>Essentiel<\/strong>: certains cookies sont essentiels pour que vous puissiez profiter de toutes les fonctionnalit\u00e9s de notre site. Ils nous permettent de maintenir les sessions utilisateurs et de pr\u00e9venir toute menace de s\u00e9curit\u00e9. Ils ne collectent ni ne stockent aucune information personnelle. Par exemple, ces cookies vous permettent de vous connecter \u00e0 votre compte et d&rsquo;ajouter des produits \u00e0 votre panier, et de commander en toute s\u00e9curit\u00e9.<\/li>\n<li><strong>Statistiques<\/strong> (Analytics): Ces cookies stockent des informations telles que le nombre de visiteurs sur le site Web, le nombre de visiteurs uniques, les pages du site Web visit\u00e9es, la source de la visite, etc. Ces donn\u00e9es nous aident \u00e0 comprendre et \u00e0 analyser les performances du site Web. et l\u00e0 o\u00f9 elle doit \u00eatre am\u00e9lior\u00e9e.<\/li>\n<li><strong>Marketing<\/strong>: Notre site Web affiche des publicit\u00e9s. Ces cookies sont utilis\u00e9s pour personnaliser les publicit\u00e9s que nous vous montrons afin qu&rsquo;elles soient significatives pour vous. Ces cookies nous aident \u00e9galement \u00e0 suivre l&rsquo;efficacit\u00e9 de ces campagnes publicitaires. Les informations stock\u00e9es dans ces cookies peuvent \u00e9galement \u00eatre utilis\u00e9es par les fournisseurs de publicit\u00e9 tiers pour vous montrer \u00e9galement des publicit\u00e9s sur d&rsquo;autres sites Web sur le navigateur.<\/li>\n<li><strong>Fonctionnel<\/strong>: Ce sont les cookies qui aident certaines fonctionnalit\u00e9s non essentielles de notre site Web. Ces fonctionnalit\u00e9s incluent l&rsquo;int\u00e9gration de contenu tel que des vid\u00e9os ou le partage de contenu du site Web sur des plateformes de m\u00e9dias sociaux.<\/li>\n<li><strong>Pr\u00e9f\u00e9rences<\/strong>: ces cookies nous aident \u00e0 stocker vos param\u00e8tres et vos pr\u00e9f\u00e9rences de navigation, comme les pr\u00e9f\u00e9rences linguistiques, afin que vous ayez une exp\u00e9rience meilleure et efficace lors de vos futures visites sur le site Web.<\/li>\n<\/ul>\n<p>[cookie_audit columns = \u00ab\u00a0cookie, description\u00a0\u00bb header = \u00ab\u00a0La liste ci-dessous d\u00e9taille les cookies utilis\u00e9s sur notre site Web.\u00a0\u00bb]<\/p>\n<h2>Comment puis-je contr\u00f4ler les pr\u00e9f\u00e9rences des cookies?<\/h2>\n<p>Si vous d\u00e9cidez de modifier vos pr\u00e9f\u00e9rences ult\u00e9rieurement au cours de votre session de navigation, vous pouvez cliquer sur l&rsquo;onglet \u00abPolitique de confidentialit\u00e9 et de cookies\u00bb sur votre \u00e9cran. Cela affichera \u00e0 nouveau l&rsquo;avis de consentement vous permettant de modifier vos pr\u00e9f\u00e9rences ou de retirer votre consentement compl\u00e8tement. En plus de cela, diff\u00e9rents navigateurs proposent diff\u00e9rentes m\u00e9thodes pour bloquer et supprimer les cookies utilis\u00e9s par les sites Web. Vous pouvez modifier les param\u00e8tres de votre navigateur pour bloquer \/ supprimer les cookies.<\/p>\n<p>Pour en savoir plus sur la gestion et la suppression des cookies, visitez <a href=\"https:\/\/fr.wikipedia.org\/wiki\/Cookie_(informatique)\" target=\"_blank\" rel=\"noopener\">wikipedia.org<\/a>, <a href=\"https:\/\/www.allaboutcookies.org\/\" target=\"_blank\" rel=\"noopener\">www.allaboutcookies.org<\/a>.<\/p>\n<p>[\/et_pb_text][\/et_pb_column][\/et_pb_row][et_pb_row column_structure=\u00a0\u00bb1_3,1_3,1_3&Prime; use_custom_gutter=\u00a0\u00bbon\u00a0\u00bb gutter_width=\u00a0\u00bb1&Prime; admin_label=\u00a0\u00bbLigne bordure haute 3 colonnes bleu blanc rouge 3&#215;30%\u00a0\u00bb _builder_version=\u00a0\u00bb4.24.3&Prime; _module_preset=\u00a0\u00bbdefault\u00a0\u00bb width=\u00a0\u00bb100vw\u00a0\u00bb max_width=\u00a0\u00bb100vw\u00a0\u00bb module_alignment=\u00a0\u00bbcenter\u00a0\u00bb custom_margin=\u00a0\u00bb|0px||0px|false|true\u00a0\u00bb custom_padding=\u00a0\u00bb|5vw||5vw|false|true\u00a0\u00bb global_module=\u00a0\u00bb2002&Prime; collapsed=\u00a0\u00bbon\u00a0\u00bb global_colors_info=\u00a0\u00bb{}\u00a0\u00bb][et_pb_column type=\u00a0\u00bb1_3&Prime; _builder_version=\u00a0\u00bb4.24.3&Prime; _module_preset=\u00a0\u00bbdefault\u00a0\u00bb custom_padding=\u00a0\u00bb0px||0px||true|false\u00a0\u00bb border_width_top=\u00a0\u00bb10px\u00a0\u00bb border_color_top=\u00a0\u00bb#00407D\u00a0\u00bb global_colors_info=\u00a0\u00bb{}\u00a0\u00bb][et_pb_text admin_label=\u00a0\u00bbTexte Abonnez-vous \u00e0 \u00ab l\u2019\u0152il de l\u2019ASAF\u00bb(lettre d\u2019infos mensuelle gratuite)>>\u00a0\u00bb _builder_version=\u00a0\u00bb4.24.3&Prime; _module_preset=\u00a0\u00bbdefault\u00a0\u00bb text_text_color=\u00a0\u00bb#00407D\u00a0\u00bb text_font_size=\u00a0\u00bb18px\u00a0\u00bb link_text_color=\u00a0\u00bb#00407D\u00a0\u00bb custom_margin=\u00a0\u00bb0px||||false|false\u00a0\u00bb custom_padding=\u00a0\u00bb20px||||false|false\u00a0\u00bb global_colors_info=\u00a0\u00bb{}\u00a0\u00bb]<\/p>\n<p style=\"text-align: center;\"><a classe=\"bleu\" href=\"https:\/\/swp-dev.com\/asaf-test\/boutique\/revues\/\" target=\"_blank\" rel=\"noopener\">Abonnez-vous \u00e0 \u00ab l\u2019\u0152il de l\u2019ASAF\u00bb<br \/>(lettre d\u2019infos mensuelle gratuite)<br \/>&gt;&gt;<\/a><\/p>\n<p>[\/et_pb_text][\/et_pb_column][et_pb_column type=\u00a0\u00bb1_3&Prime; _builder_version=\u00a0\u00bb4.24.3&Prime; _module_preset=\u00a0\u00bbdefault\u00a0\u00bb custom_padding=\u00a0\u00bb0px||0px||true|false\u00a0\u00bb border_width_top=\u00a0\u00bb10px\u00a0\u00bb border_color_top=\u00a0\u00bb#FFFFFF\u00a0\u00bb global_colors_info=\u00a0\u00bb{}\u00a0\u00bb][et_pb_text admin_label=\u00a0\u00bbTexte Vous souhaitez rejoindre l\u2019ASAF ?<br \/>\nCliquez ici<br \/>\n>>\u00a0\u00bb _builder_version=\u00a0\u00bb4.24.3&Prime; _module_preset=\u00a0\u00bbdefault\u00a0\u00bb text_text_color=\u00a0\u00bb#333333&Prime; text_font_size=\u00a0\u00bb18px\u00a0\u00bb link_text_color=\u00a0\u00bb#333333&Prime; custom_margin=\u00a0\u00bb0px||||false|false\u00a0\u00bb custom_padding=\u00a0\u00bb20px||||false|false\u00a0\u00bb global_colors_info=\u00a0\u00bb{}\u00a0\u00bb]<\/p>\n<p style=\"text-align: center;\"><a style=\"color: #333;\" href=\"https:\/\/swp-dev.com\/asaf-test\/l-asaf\/adherer-a-l-asaf\/\" target=\"_blank\" rel=\"noopener\">Vous souhaitez rejoindre l\u2019ASAF ?<br \/>Cliquez ici<br \/>&gt;&gt;<\/a><\/p>\n<p>[\/et_pb_text][\/et_pb_column][et_pb_column type=\u00a0\u00bb1_3&Prime; _builder_version=\u00a0\u00bb4.24.3&Prime; _module_preset=\u00a0\u00bbdefault\u00a0\u00bb custom_padding=\u00a0\u00bb0px||0px||true|false\u00a0\u00bb border_width_top=\u00a0\u00bb10px\u00a0\u00bb border_color_top=\u00a0\u00bb#AB0100&Prime; global_colors_info=\u00a0\u00bb{}\u00a0\u00bb][et_pb_text admin_label=\u00a0\u00bbTexte Commander le dernier num\u00e9ro<br \/>\nde la revue ENGAGEMENT<br \/>\n>>\u00a0\u00bb _builder_version=\u00a0\u00bb4.24.3&Prime; _module_preset=\u00a0\u00bbdefault\u00a0\u00bb text_text_color=\u00a0\u00bb#AB0100&Prime; text_font_size=\u00a0\u00bb18px\u00a0\u00bb link_text_color=\u00a0\u00bb#AB0100&Prime; custom_padding=\u00a0\u00bb20px||||false|false\u00a0\u00bb global_colors_info=\u00a0\u00bb{}\u00a0\u00bb]<\/p>\n<p style=\"text-align: center;\"><a class=\"rouge\" href=\"https:\/\/swp-dev.com\/asaf-test\/nos-actualites\/revue-dernier-numero\/\" target=\"_blank\" rel=\"noopener\">Commander le dernier num\u00e9ro<br \/>de la revue ENGAGEMENT<br \/>&gt;&gt;<\/a><\/p>\n<p>[\/et_pb_text][\/et_pb_column][\/et_pb_row][\/et_pb_section]<\/p>\n","protected":false},"excerpt":{"rendered":"<p>Politique de cookies\u00c0 propos de cette politique de cookies Cette politique de cookies explique ce que sont les cookies et comment nous les utilisons, les types de cookies que nous utilisons, c&rsquo;est-\u00e0-dire les informations que nous collectons \u00e0 l&rsquo;aide de cookies et comment ces informations sont utilis\u00e9es, et comment contr\u00f4ler les pr\u00e9f\u00e9rences de cookies. Pour [&hellip;]<\/p>\n","protected":false},"author":1,"featured_media":0,"parent":0,"menu_order":2000,"comment_status":"closed","ping_status":"closed","template":"","meta":{"_et_pb_use_builder":"on","_et_pb_old_content":"<div class=\"cli_pg_page_contaner\"><h2>\u00c0 propos de cette politique de cookies<\/h2><div>Cette politique de cookies explique ce que sont les cookies et comment nous les utilisons, les types de cookies que nous utilisons, c'est-\u00e0-dire les informations que nous collectons \u00e0 l'aide de cookies et comment ces informations sont utilis\u00e9es, et comment contr\u00f4ler les pr\u00e9f\u00e9rences de cookies. Pour plus d'informations sur la fa\u00e7on dont nous utilisons, stockons et gardons vos donn\u00e9es personnelles en s\u00e9curit\u00e9, consultez notre politique de confidentialit\u00e9. Vous pouvez \u00e0 tout moment modifier ou retirer votre consentement \u00e0 la d\u00e9claration relative aux cookies sur notre site Web<br \/>En savoir plus sur qui nous sommes, comment vous pouvez nous contacter et comment nous traitons les donn\u00e9es personnelles dans notre politique de confidentialit\u00e9.<br \/>Votre consentement s'applique aux domaines suivants: ??? [user_consent_state]<\/div><h2>Que sont les cookies ?<\/h2><div>Les cookies sont de petits fichiers texte utilis\u00e9s pour stocker de petites informations. Ils sont stock\u00e9s sur votre appareil lorsque le site Web est charg\u00e9 sur votre navigateur. Ces cookies nous aident \u00e0 faire fonctionner correctement le site Web, \u00e0 le rendre plus s\u00e9curis\u00e9, \u00e0 offrir une meilleure exp\u00e9rience utilisateur, \u00e0 comprendre comment le site Web fonctionne et \u00e0 analyser ce qui fonctionne et o\u00f9 il doit \u00eatre am\u00e9lior\u00e9.<\/div><h2>Comment utilisons-nous les cookies?<\/h2><div>Comme la plupart des services en ligne, notre site Web utilise des cookies propri\u00e9taires et tiers \u00e0 plusieurs fins. Les cookies de premi\u00e8re partie sont principalement n\u00e9cessaires au bon fonctionnement du site Web et ils ne collectent aucune de vos donn\u00e9es personnellement identifiables.<br \/>Les cookies tiers utilis\u00e9s sur notre site Web sont principalement destin\u00e9s \u00e0 comprendre comment le site Web fonctionne, comment vous interagissez avec notre site Web, en assurant la s\u00e9curit\u00e9 de nos services, en fournissant des publicit\u00e9s pertinentes pour vous, et dans l'ensemble, vous offrant une exp\u00e9rience utilisateur meilleure et am\u00e9lior\u00e9e et vous aidant \u00e0 acc\u00e9l\u00e9rer vos futures interactions avec notre site Web.<\/div><h2>Quels types de cookies utilisons-nous?<\/h2><ul><li><strong>Essentie<\/strong>l: certains cookies sont essentiels pour que vous puissiez profiter de toutes les fonctionnalit\u00e9s de notre site. Ils nous permettent de maintenir les sessions utilisateurs et de pr\u00e9venir toute menace de s\u00e9curit\u00e9. Ils ne collectent ni ne stockent aucune information personnelle. Par exemple, ces cookies vous permettent de vous connecter \u00e0 votre compte et d'ajouter des produits \u00e0 votre panier, et de commander en toute s\u00e9curit\u00e9.<\/li><li><strong>Statistiques<\/strong> (Analytics): Ces cookies stockent des informations telles que le nombre de visiteurs sur le site Web, le nombre de visiteurs uniques, les pages du site Web visit\u00e9es, la source de la visite, etc. Ces donn\u00e9es nous aident \u00e0 comprendre et \u00e0 analyser les performances du site Web. et l\u00e0 o\u00f9 elle doit \u00eatre am\u00e9lior\u00e9e.<\/li><li><strong>Marketing<\/strong>: Notre site Web affiche des publicit\u00e9s. Ces cookies sont utilis\u00e9s pour personnaliser les publicit\u00e9s que nous vous montrons afin qu'elles soient significatives pour vous. Ces cookies nous aident \u00e9galement \u00e0 suivre l'efficacit\u00e9 de ces campagnes publicitaires. Les informations stock\u00e9es dans ces cookies peuvent \u00e9galement \u00eatre utilis\u00e9es par les fournisseurs de publicit\u00e9 tiers pour vous montrer \u00e9galement des publicit\u00e9s sur d'autres sites Web sur le navigateur.<\/li><li><strong>Fonctionnel<\/strong>: Ce sont les cookies qui aident certaines fonctionnalit\u00e9s non essentielles de notre site Web. Ces fonctionnalit\u00e9s incluent l'int\u00e9gration de contenu tel que des vid\u00e9os ou le partage de contenu du site Web sur des plateformes de m\u00e9dias sociaux.<\/li><li><strong>Pr\u00e9f\u00e9rences<\/strong>: ces cookies nous aident \u00e0 stocker vos param\u00e8tres et vos pr\u00e9f\u00e9rences de navigation, comme les pr\u00e9f\u00e9rences linguistiques, afin que vous ayez une exp\u00e9rience meilleure et efficace lors de vos futures visites sur le site Web.<\/li><\/ul><div>[cookie_audit columns = \"cookie, description\" header = \"La liste ci-dessous d\u00e9taille les cookies utilis\u00e9s sur notre site Web.\"]<\/div><h2>Comment puis-je contr\u00f4ler les pr\u00e9f\u00e9rences des cookies?<\/h2><div>Si vous d\u00e9cidez de modifier vos pr\u00e9f\u00e9rences ult\u00e9rieurement au cours de votre session de navigation, vous pouvez cliquer sur l'onglet \u00abPolitique de confidentialit\u00e9 et de cookies\u00bb sur votre \u00e9cran. Cela affichera \u00e0 nouveau l'avis de consentement vous permettant de modifier vos pr\u00e9f\u00e9rences ou de retirer votre consentement compl\u00e8tement. En plus de cela, diff\u00e9rents navigateurs proposent diff\u00e9rentes m\u00e9thodes pour bloquer et supprimer les cookies utilis\u00e9s par les sites Web. Vous pouvez modifier les param\u00e8tres de votre navigateur pour bloquer \/ supprimer les cookies.<\/div><div>Pour en savoir plus sur la gestion et la suppression des cookies, visitez <a href=\"https:\/\/fr.wikipedia.org\/wiki\/Cookie_(informatique)\" target=\"_blank\" rel=\"noopener\">wikipedia.org<\/a>, <a href=\"https:\/\/www.allaboutcookies.org\/\" target=\"_blank\" rel=\"noopener\">www.allaboutcookies.org<\/a>.<\/div><\/div>","_et_gb_content_width":"","footnotes":""},"class_list":["post-121","page","type-page","status-publish","hentry"],"_links":{"self":[{"href":"https:\/\/swp-dev.com\/asaf-test\/wp-json\/wp\/v2\/pages\/121","targetHints":{"allow":["GET"]}}],"collection":[{"href":"https:\/\/swp-dev.com\/asaf-test\/wp-json\/wp\/v2\/pages"}],"about":[{"href":"https:\/\/swp-dev.com\/asaf-test\/wp-json\/wp\/v2\/types\/page"}],"author":[{"embeddable":true,"href":"https:\/\/swp-dev.com\/asaf-test\/wp-json\/wp\/v2\/users\/1"}],"replies":[{"embeddable":true,"href":"https:\/\/swp-dev.com\/asaf-test\/wp-json\/wp\/v2\/comments?post=121"}],"version-history":[{"count":3,"href":"https:\/\/swp-dev.com\/asaf-test\/wp-json\/wp\/v2\/pages\/121\/revisions"}],"predecessor-version":[{"id":2953,"href":"https:\/\/swp-dev.com\/asaf-test\/wp-json\/wp\/v2\/pages\/121\/revisions\/2953"}],"wp:attachment":[{"href":"https:\/\/swp-dev.com\/asaf-test\/wp-json\/wp\/v2\/media?parent=121"}],"curies":[{"name":"wp","href":"https:\/\/api.w.org\/{rel}","templated":true}]}}