{"id":20,"date":"2020-08-07T00:12:50","date_gmt":"2020-08-06T22:12:50","guid":{"rendered":"http:\/\/swp-dev.com\/wordpress\/?page_id=20"},"modified":"2024-04-26T11:56:03","modified_gmt":"2024-04-26T09:56:03","slug":"plan-du-site","status":"publish","type":"page","link":"https:\/\/swp-dev.com\/asaf-test\/plan-du-site\/","title":{"rendered":"Plan du site"},"content":{"rendered":"<p>[et_pb_section fb_built=\u00a0\u00bb1&Prime; _builder_version=\u00a0\u00bb4.25.0&Prime; _module_preset=\u00a0\u00bbdefault\u00a0\u00bb hover_enabled=\u00a0\u00bb0&Prime; global_colors_info=\u00a0\u00bb{}\u00a0\u00bb custom_margin=\u00a0\u00bb0px||||false|false\u00a0\u00bb custom_padding=\u00a0\u00bb0px||||false|false\u00a0\u00bb sticky_enabled=\u00a0\u00bb0&Prime;][et_pb_row _builder_version=\u00a0\u00bb4.24.3&Prime; background_size=\u00a0\u00bbinitial\u00a0\u00bb background_position=\u00a0\u00bbtop_left\u00a0\u00bb background_repeat=\u00a0\u00bbrepeat\u00a0\u00bb width=\u00a0\u00bb100%\u00a0\u00bb max_width=\u00a0\u00bb100%\u00a0\u00bb module_alignment=\u00a0\u00bbcenter\u00a0\u00bb custom_margin=\u00a0\u00bb0px|0px||0px|false|true\u00a0\u00bb custom_padding=\u00a0\u00bb0px|0px||0px|false|true\u00a0\u00bb global_colors_info=\u00a0\u00bb{}\u00a0\u00bb][et_pb_column type=\u00a0\u00bb4_4&Prime; _builder_version=\u00a0\u00bb4.16&Prime; custom_padding=\u00a0\u00bb|||\u00a0\u00bb global_colors_info=\u00a0\u00bb{}\u00a0\u00bb custom_padding__hover=\u00a0\u00bb|||\u00a0\u00bb][et_pb_image src=\u00a0\u00bbhttps:\/\/swp-dev.com\/asaf-test\/wp-content\/uploads\/2024\/04\/bandeau-plan-du-site-1900&#215;290-1.jpg\u00a0\u00bb title_text=\u00a0\u00bbbandeau-plan-du-site-1900&#215;290&Prime; align=\u00a0\u00bbcenter\u00a0\u00bb force_fullwidth=\u00a0\u00bbon\u00a0\u00bb admin_label=\u00a0\u00bbImage 1900&#215;290&Prime; _builder_version=\u00a0\u00bb4.25.0&Prime; _module_preset=\u00a0\u00bbdefault\u00a0\u00bb global_colors_info=\u00a0\u00bb{}\u00a0\u00bb][\/et_pb_image][et_pb_text admin_label=\u00a0\u00bbH1 Plan du site\u00a0\u00bb _builder_version=\u00a0\u00bb4.25.0&Prime; _module_preset=\u00a0\u00bbdefault\u00a0\u00bb header_text_color=\u00a0\u00bb#333333&Prime; global_colors_info=\u00a0\u00bb{}\u00a0\u00bb]<\/p>\n<h1 style=\"text-align: center;\">Plan du site<\/h1>\n<p>[\/et_pb_text][\/et_pb_column][\/et_pb_row][et_pb_row column_structure=\u00a0\u00bb2_5,3_5&Prime; admin_label=\u00a0\u00bbLigne 1+1 colonnes\u00a0\u00bb _builder_version=\u00a0\u00bb4.24.3&Prime; _module_preset=\u00a0\u00bbdefault\u00a0\u00bb width=\u00a0\u00bb100%\u00a0\u00bb max_width=\u00a0\u00bb100%\u00a0\u00bb module_alignment=\u00a0\u00bbcenter\u00a0\u00bb custom_margin=\u00a0\u00bb0px|0px|0px|0px|true|true\u00a0\u00bb custom_padding=\u00a0\u00bb0px|5vw|0px|5vw|true|true\u00a0\u00bb global_colors_info=\u00a0\u00bb{}\u00a0\u00bb][et_pb_column type=\u00a0\u00bb2_5&Prime; _builder_version=\u00a0\u00bb4.24.3&Prime; _module_preset=\u00a0\u00bbdefault\u00a0\u00bb custom_padding=\u00a0\u00bb|0px||0px|false|true\u00a0\u00bb custom_css_main_element=\u00a0\u00bbwidth:30vw!important;margin:0 4vw 0 0!important;\u00a0\u00bb global_colors_info=\u00a0\u00bb{}\u00a0\u00bb][et_pb_image src=\u00a0\u00bbhttps:\/\/swp-dev.com\/asaf-test\/wp-content\/uploads\/2024\/04\/PLAN-DU-SITE-bando-col.jpg\u00a0\u00bb title_text=\u00a0\u00bbScreenshot\u00a0\u00bb force_fullwidth=\u00a0\u00bbon\u00a0\u00bb admin_label=\u00a0\u00bbImage \u00a0\u00bb _builder_version=\u00a0\u00bb4.25.0&Prime; _module_preset=\u00a0\u00bbdefault\u00a0\u00bb custom_margin=\u00a0\u00bb0px|0px|40px|0px|false|true\u00a0\u00bb custom_padding=\u00a0\u00bb0px|0px|0px|0px|true|true\u00a0\u00bb global_colors_info=\u00a0\u00bb{}\u00a0\u00bb][\/et_pb_image][et_pb_text admin_label=\u00a0\u00bbtexte Recevez chaque mois\u00a0\u00bb _builder_version=\u00a0\u00bb4.25.0&Prime; _dynamic_attributes=\u00a0\u00bblink_option_url\u00a0\u00bb _module_preset=\u00a0\u00bbdefault\u00a0\u00bb text_text_color=\u00a0\u00bb#00407D\u00a0\u00bb text_font_size=\u00a0\u00bb24px\u00a0\u00bb background_color=\u00a0\u00bb#bfcfde\u00a0\u00bb custom_margin=\u00a0\u00bb|0px|40px|0px|false|true\u00a0\u00bb custom_padding=\u00a0\u00bb40px|0px|40px|0px|true|true\u00a0\u00bb link_option_url=\u00a0\u00bb@ET-DC@eyJkeW5hbWljIjp0cnVlLCJjb250ZW50IjoicG9zdF9saW5rX3VybF9wYWdlIiwic2V0dGluZ3MiOnsicG9zdF9pZCI6Ijc5OSJ9fQ==@\u00a0\u00bb global_module=\u00a0\u00bb2153&Prime; saved_tabs=\u00a0\u00bball\u00a0\u00bb global_colors_info=\u00a0\u00bb{}\u00a0\u00bb]<\/p>\n<p style=\"text-align: center;\">Recevez chaque mois<\/p>\n<p style=\"text-align: center;\"><img loading=\"lazy\" decoding=\"async\" class=\"aligncenter wp-image-2148 size-full\" src=\"https:\/\/swp-dev.com\/asaf-test\/wp-content\/uploads\/2024\/04\/l-oeil-de-l-asaf-453x303-1.png\" alt=\"\" width=\"400\" height=\"267\" srcset=\"https:\/\/swp-dev.com\/asaf-test\/wp-content\/uploads\/2024\/04\/l-oeil-de-l-asaf-453x303-1.png 453w, https:\/\/swp-dev.com\/asaf-test\/wp-content\/uploads\/2024\/04\/l-oeil-de-l-asaf-453x303-1-300x201.png 300w\" sizes=\"auto, (max-width: 400px) 100vw, 400px\" \/><\/p>\n<p style=\"text-align: center;\">notre lettre d&rsquo;information<\/p>\n<p>[\/et_pb_text][\/et_pb_column][et_pb_column type=\u00a0\u00bb3_5&Prime; _builder_version=\u00a0\u00bb4.24.3&Prime; _module_preset=\u00a0\u00bbdefault\u00a0\u00bb custom_padding=\u00a0\u00bb|0px||0px|false|true\u00a0\u00bb custom_css_main_element=\u00a0\u00bbwidth:55vw!important;margin:0!important;\u00a0\u00bb global_colors_info=\u00a0\u00bb{}\u00a0\u00bb][et_pb_text admin_label=\u00a0\u00bbTexte pagelist marge gauche-droite 20vw \u00a0\u00bb _builder_version=\u00a0\u00bb4.25.0&Prime; _module_preset=\u00a0\u00bbdefault\u00a0\u00bb global_colors_info=\u00a0\u00bb{}\u00a0\u00bb]<\/p>\n<p style=\"text-align: center;\">\n<!-- Page-list plugin v.5.6 wordpress.org\/plugins\/page-list\/ -->\n<ul class=\"page-list \">\n<li class=\"page_item page-item-2\"><a href=\"https:\/\/swp-dev.com\/asaf-test\/\">Accueil<\/a><\/li>\n<li class=\"page_item page-item-359 page_item_has_children\"><a href=\"https:\/\/swp-dev.com\/asaf-test\/nos-actualites\/\">Nos actualit\u00e9s<\/a>\n<ul class='children'>\n\t<li class=\"page_item page-item-701\"><a href=\"https:\/\/swp-dev.com\/asaf-test\/nos-actualites\/dernieres-actus\/\">Derni\u00e8res actus<\/a><\/li>\n\t<li class=\"page_item page-item-722\"><a href=\"https:\/\/swp-dev.com\/asaf-test\/nos-actualites\/conferences-a-venir\/\">Conf\u00e9rences \u00e0 venir<\/a><\/li>\n\t<li class=\"page_item page-item-704\"><a href=\"https:\/\/swp-dev.com\/asaf-test\/nos-actualites\/special-indochine-70-ans\/\">Sp\u00e9cial Indochine (70 ans)<\/a><\/li>\n\t<li class=\"page_item page-item-714\"><a href=\"https:\/\/swp-dev.com\/asaf-test\/nos-actualites\/lettre-d-information-mensuelle\/\">Lettre d&rsquo;info mensuelle<\/a><\/li>\n\t<li class=\"page_item page-item-1040\"><a href=\"https:\/\/swp-dev.com\/asaf-test\/nos-actualites\/billet-d-humeur\/\">Billet d&rsquo;humeur<\/a><\/li>\n\t<li class=\"page_item page-item-726\"><a href=\"https:\/\/swp-dev.com\/asaf-test\/nos-actualites\/lu-vu-et-entendu-pour-vous\/\">Lu, vu et entendu pour vous<\/a><\/li>\n\t<li class=\"page_item page-item-718\"><a href=\"https:\/\/swp-dev.com\/asaf-test\/nos-actualites\/vie-de-lassociation\/\">Vie de l&rsquo;association<\/a><\/li>\n\t<li class=\"page_item page-item-1047\"><a href=\"https:\/\/swp-dev.com\/asaf-test\/nos-actualites\/le-livre-coup-de-coeur\/\">Le livre coup de c\u0153ur<\/a><\/li>\n\t<li class=\"page_item page-item-1051\"><a href=\"https:\/\/swp-dev.com\/asaf-test\/nos-actualites\/revue-dernier-numero\/\">Revue : dernier num\u00e9ro<\/a><\/li>\n<\/ul>\n<\/li>\n<li class=\"page_item page-item-697 page_item_has_children\"><a href=\"https:\/\/swp-dev.com\/asaf-test\/productions-asaf\/\">Productions ASAF<\/a>\n<ul class='children'>\n\t<li class=\"page_item page-item-792\"><a href=\"https:\/\/swp-dev.com\/asaf-test\/productions-asaf\/billets-d-humeur\/\">Billets d&rsquo;humeur<\/a><\/li>\n\t<li class=\"page_item page-item-796\"><a href=\"https:\/\/swp-dev.com\/asaf-test\/productions-asaf\/dossiers-speciaux\/\">Dossiers sp\u00e9ciaux<\/a><\/li>\n\t<li class=\"page_item page-item-799\"><a href=\"https:\/\/swp-dev.com\/asaf-test\/productions-asaf\/l-oeil-de-l-asaf\/\">l&rsquo;\u0152il de l&rsquo;ASAF<\/a><\/li>\n\t<li class=\"page_item page-item-802\"><a href=\"https:\/\/swp-dev.com\/asaf-test\/productions-asaf\/communiques\/\">Communiqu\u00e9s<\/a><\/li>\n\t<li class=\"page_item page-item-805\"><a href=\"https:\/\/swp-dev.com\/asaf-test\/productions-asaf\/videos\/\">Vid\u00e9os<\/a><\/li>\n\t<li class=\"page_item page-item-808\"><a href=\"https:\/\/swp-dev.com\/asaf-test\/productions-asaf\/revue-engagement\/\">Revue ENGAGEMENT<\/a><\/li>\n<\/ul>\n<\/li>\n<li class=\"page_item page-item-372 page_item_has_children\"><a href=\"https:\/\/swp-dev.com\/asaf-test\/boutique\/\">Boutique<\/a>\n<ul class='children'>\n\t<li class=\"page_item page-item-1061\"><a href=\"https:\/\/swp-dev.com\/asaf-test\/boutique\/revues\/\">Revues<\/a><\/li>\n\t<li class=\"page_item page-item-589\"><a href=\"https:\/\/swp-dev.com\/asaf-test\/boutique\/hors-series-numeros-speciaux\/\">Hors S\u00e9ries &#038; num\u00e9ros sp\u00e9ciaux<\/a><\/li>\n\t<li class=\"page_item page-item-2974\"><a href=\"https:\/\/swp-dev.com\/asaf-test\/boutique\/hors-series-numeros-speciaux-v2\/\">Hors S\u00e9ries &#038; num\u00e9ros sp\u00e9ciaux-v2<\/a><\/li>\n\t<li class=\"page_item page-item-590\"><a href=\"https:\/\/swp-dev.com\/asaf-test\/boutique\/articles-asaf-selection\/\">Articles ASAF (s\u00e9lection)<\/a><\/li>\n\t<li class=\"page_item page-item-591\"><a href=\"https:\/\/swp-dev.com\/asaf-test\/boutique\/cravate-et-pin-s-asaf\/\">Cravate &#038; pin&rsquo;s ASAF<\/a><\/li>\n<\/ul>\n<\/li>\n<li class=\"page_item page-item-379 page_item_has_children\"><a href=\"https:\/\/swp-dev.com\/asaf-test\/nos-armees\/\">Nos arm\u00e9es<\/a>\n<ul class='children'>\n\t<li class=\"page_item page-item-834\"><a href=\"https:\/\/swp-dev.com\/asaf-test\/nos-armees\/infos-generales\/\">Infos g\u00e9n\u00e9rales<\/a><\/li>\n\t<li class=\"page_item page-item-839\"><a href=\"https:\/\/swp-dev.com\/asaf-test\/nos-armees\/armee-de-terre\/\">Arm\u00e9e de Terre<\/a><\/li>\n\t<li class=\"page_item page-item-840\"><a href=\"https:\/\/swp-dev.com\/asaf-test\/nos-armees\/armee-de-l-air-et-de-l-espace\/\">Arm\u00e9e de l\u2019Air et de l\u2019Espace<\/a><\/li>\n\t<li class=\"page_item page-item-1186\"><a href=\"https:\/\/swp-dev.com\/asaf-test\/nos-armees\/gendarmerie\/\">Gendarmerie<\/a><\/li>\n\t<li class=\"page_item page-item-841\"><a href=\"https:\/\/swp-dev.com\/asaf-test\/nos-armees\/marine-nationale\/\">Marine Nationale<\/a><\/li>\n<\/ul>\n<\/li>\n<li class=\"page_item page-item-383 page_item_has_children\"><a href=\"https:\/\/swp-dev.com\/asaf-test\/l-asaf\/\">L&rsquo;ASAF<\/a>\n<ul class='children'>\n\t<li class=\"page_item page-item-929\"><a href=\"https:\/\/swp-dev.com\/asaf-test\/l-asaf\/qui-sommes-nous\/\">Qui sommes-nous ?<\/a><\/li>\n\t<li class=\"page_item page-item-933\"><a href=\"https:\/\/swp-dev.com\/asaf-test\/l-asaf\/notre-organisation\/\">Notre organisation<\/a><\/li>\n\t<li class=\"page_item page-item-934\"><a href=\"https:\/\/swp-dev.com\/asaf-test\/l-asaf\/nos-statuts\/\">Nos statuts<\/a><\/li>\n\t<li class=\"page_item page-item-935\"><a href=\"https:\/\/swp-dev.com\/asaf-test\/l-asaf\/nos-activites\/\">Nos activit\u00e9s<\/a><\/li>\n\t<li class=\"page_item page-item-936\"><a href=\"https:\/\/swp-dev.com\/asaf-test\/l-asaf\/adherer-a-l-asaf\/\">Adh\u00e9rer \u00e0 l\u2019ASAF<\/a><\/li>\n\t<li class=\"page_item page-item-937\"><a href=\"https:\/\/swp-dev.com\/asaf-test\/l-asaf\/soutenir-l-asaf\/\">Soutenir l\u2019ASAF<\/a><\/li>\n\t<li class=\"page_item page-item-842\"><a href=\"https:\/\/swp-dev.com\/asaf-test\/l-asaf\/vos-questions-faq\/\">Vos questions (FAQ)<\/a><\/li>\n<\/ul>\n<\/li>\n<li class=\"page_item page-item-386\"><a href=\"https:\/\/swp-dev.com\/asaf-test\/don-defiscalise\/\">Don d\u00e9fiscalis\u00e9<\/a><\/li>\n<li class=\"page_item page-item-32\"><a href=\"https:\/\/swp-dev.com\/asaf-test\/contact\/\">Contact<\/a><\/li>\n<li class=\"page_item page-item-883\"><a href=\"https:\/\/swp-dev.com\/asaf-test\/nos-archives\/\">Nos archives<\/a><\/li>\n<li class=\"page_item page-item-897\"><a href=\"https:\/\/swp-dev.com\/asaf-test\/conseil-webmaster\/\">Conseil &#038; Webmaster<\/a><\/li>\n<li class=\"page_item page-item-1491\"><a href=\"https:\/\/swp-dev.com\/asaf-test\/glossaire-des-abreviations\/\">Glossaire des abr\u00e9viations<\/a><\/li>\n<li class=\"page_item page-item-45\"><a href=\"https:\/\/swp-dev.com\/asaf-test\/mentions-legales\/\">Mentions l\u00e9gales<\/a><\/li>\n<li class=\"page_item page-item-1495\"><a href=\"https:\/\/swp-dev.com\/asaf-test\/credits-photos\/\">Cr\u00e9dits photos<\/a><\/li>\n<li class=\"page_item page-item-3\"><a href=\"https:\/\/swp-dev.com\/asaf-test\/politique-de-confidentialite\/\">Politique de confidentialit\u00e9<\/a><\/li>\n<li class=\"page_item page-item-121\"><a href=\"https:\/\/swp-dev.com\/asaf-test\/politique-de-cookies\/\">Politique de cookies<\/a><\/li>\n<li class=\"page_item page-item-3005\"><a href=\"https:\/\/swp-dev.com\/asaf-test\/typo\/\">typo<\/a><\/li>\n\n<\/ul><br \/><!-- 49: test --><\/p>\n<p>[\/et_pb_text][\/et_pb_column][\/et_pb_row][et_pb_row column_structure=\u00a0\u00bb1_3,1_3,1_3&Prime; use_custom_gutter=\u00a0\u00bbon\u00a0\u00bb gutter_width=\u00a0\u00bb1&Prime; admin_label=\u00a0\u00bbLigne bordure haute 3 colonnes bleu blanc rouge 3&#215;30%\u00a0\u00bb _builder_version=\u00a0\u00bb4.24.3&Prime; _module_preset=\u00a0\u00bbdefault\u00a0\u00bb width=\u00a0\u00bb100vw\u00a0\u00bb max_width=\u00a0\u00bb100vw\u00a0\u00bb module_alignment=\u00a0\u00bbcenter\u00a0\u00bb custom_margin=\u00a0\u00bb|0px||0px|false|true\u00a0\u00bb custom_padding=\u00a0\u00bb|5vw||5vw|false|true\u00a0\u00bb global_module=\u00a0\u00bb2002&Prime; collapsed=\u00a0\u00bbon\u00a0\u00bb global_colors_info=\u00a0\u00bb{}\u00a0\u00bb][et_pb_column type=\u00a0\u00bb1_3&Prime; _builder_version=\u00a0\u00bb4.24.3&Prime; _module_preset=\u00a0\u00bbdefault\u00a0\u00bb custom_padding=\u00a0\u00bb0px||0px||true|false\u00a0\u00bb border_width_top=\u00a0\u00bb10px\u00a0\u00bb border_color_top=\u00a0\u00bb#00407D\u00a0\u00bb global_colors_info=\u00a0\u00bb{}\u00a0\u00bb][et_pb_text admin_label=\u00a0\u00bbTexte Abonnez-vous \u00e0 \u00ab l\u2019\u0152il de l\u2019ASAF\u00bb(lettre d\u2019infos mensuelle gratuite)>>\u00a0\u00bb _builder_version=\u00a0\u00bb4.24.3&Prime; _module_preset=\u00a0\u00bbdefault\u00a0\u00bb text_text_color=\u00a0\u00bb#00407D\u00a0\u00bb text_font_size=\u00a0\u00bb18px\u00a0\u00bb link_text_color=\u00a0\u00bb#00407D\u00a0\u00bb custom_margin=\u00a0\u00bb0px||||false|false\u00a0\u00bb custom_padding=\u00a0\u00bb20px||||false|false\u00a0\u00bb global_colors_info=\u00a0\u00bb{}\u00a0\u00bb]<\/p>\n<p style=\"text-align: center;\"><a classe=\"bleu\" href=\"https:\/\/swp-dev.com\/asaf-test\/boutique\/revues\/\" target=\"_blank\" rel=\"noopener\">Abonnez-vous \u00e0 \u00ab l\u2019\u0152il de l\u2019ASAF\u00bb<br \/>(lettre d\u2019infos mensuelle gratuite)<br \/>&gt;&gt;<\/a><\/p>\n<p>[\/et_pb_text][\/et_pb_column][et_pb_column type=\u00a0\u00bb1_3&Prime; _builder_version=\u00a0\u00bb4.24.3&Prime; _module_preset=\u00a0\u00bbdefault\u00a0\u00bb custom_padding=\u00a0\u00bb0px||0px||true|false\u00a0\u00bb border_width_top=\u00a0\u00bb10px\u00a0\u00bb border_color_top=\u00a0\u00bb#FFFFFF\u00a0\u00bb global_colors_info=\u00a0\u00bb{}\u00a0\u00bb][et_pb_text admin_label=\u00a0\u00bbTexte Vous souhaitez rejoindre l\u2019ASAF ?<br \/>\nCliquez ici<br \/>\n>>\u00a0\u00bb _builder_version=\u00a0\u00bb4.24.3&Prime; _module_preset=\u00a0\u00bbdefault\u00a0\u00bb text_text_color=\u00a0\u00bb#333333&Prime; text_font_size=\u00a0\u00bb18px\u00a0\u00bb link_text_color=\u00a0\u00bb#333333&Prime; custom_margin=\u00a0\u00bb0px||||false|false\u00a0\u00bb custom_padding=\u00a0\u00bb20px||||false|false\u00a0\u00bb global_colors_info=\u00a0\u00bb{}\u00a0\u00bb]<\/p>\n<p style=\"text-align: center;\"><a style=\"color: #333;\" href=\"https:\/\/swp-dev.com\/asaf-test\/l-asaf\/adherer-a-l-asaf\/\" target=\"_blank\" rel=\"noopener\">Vous souhaitez rejoindre l\u2019ASAF ?<br \/>Cliquez ici<br \/>&gt;&gt;<\/a><\/p>\n<p>[\/et_pb_text][\/et_pb_column][et_pb_column type=\u00a0\u00bb1_3&Prime; _builder_version=\u00a0\u00bb4.24.3&Prime; _module_preset=\u00a0\u00bbdefault\u00a0\u00bb custom_padding=\u00a0\u00bb0px||0px||true|false\u00a0\u00bb border_width_top=\u00a0\u00bb10px\u00a0\u00bb border_color_top=\u00a0\u00bb#AB0100&Prime; global_colors_info=\u00a0\u00bb{}\u00a0\u00bb][et_pb_text admin_label=\u00a0\u00bbTexte Commander le dernier num\u00e9ro<br \/>\nde la revue ENGAGEMENT<br \/>\n>>\u00a0\u00bb _builder_version=\u00a0\u00bb4.24.3&Prime; _module_preset=\u00a0\u00bbdefault\u00a0\u00bb text_text_color=\u00a0\u00bb#AB0100&Prime; text_font_size=\u00a0\u00bb18px\u00a0\u00bb link_text_color=\u00a0\u00bb#AB0100&Prime; custom_padding=\u00a0\u00bb20px||||false|false\u00a0\u00bb global_colors_info=\u00a0\u00bb{}\u00a0\u00bb]<\/p>\n<p style=\"text-align: center;\"><a class=\"rouge\" href=\"https:\/\/swp-dev.com\/asaf-test\/nos-actualites\/revue-dernier-numero\/\" target=\"_blank\" rel=\"noopener\">Commander le dernier num\u00e9ro<br \/>de la revue ENGAGEMENT<br \/>&gt;&gt;<\/a><\/p>\n<p>[\/et_pb_text][\/et_pb_column][\/et_pb_row][\/et_pb_section]<\/p>\n","protected":false},"excerpt":{"rendered":"<p>Plan du siteRecevez chaque mois notre lettre d&rsquo;information \n<!-- Page-list plugin v.5.6 wordpress.org\/plugins\/page-list\/ -->\n<ul class=\"page-list \">\n<li class=\"page_item page-item-2\"><a href=\"https:\/\/swp-dev.com\/asaf-test\/\">Accueil<\/a><\/li>\n<li class=\"page_item page-item-359 page_item_has_children\"><a href=\"https:\/\/swp-dev.com\/asaf-test\/nos-actualites\/\">Nos actualit\u00e9s<\/a>\n<ul class='children'>\n\t<li class=\"page_item page-item-701\"><a href=\"https:\/\/swp-dev.com\/asaf-test\/nos-actualites\/dernieres-actus\/\">Derni\u00e8res actus<\/a><\/li>\n\t<li class=\"page_item page-item-722\"><a href=\"https:\/\/swp-dev.com\/asaf-test\/nos-actualites\/conferences-a-venir\/\">Conf\u00e9rences \u00e0 venir<\/a><\/li>\n\t<li class=\"page_item page-item-704\"><a href=\"https:\/\/swp-dev.com\/asaf-test\/nos-actualites\/special-indochine-70-ans\/\">Sp\u00e9cial Indochine (70 ans)<\/a><\/li>\n\t<li class=\"page_item page-item-714\"><a href=\"https:\/\/swp-dev.com\/asaf-test\/nos-actualites\/lettre-d-information-mensuelle\/\">Lettre d&rsquo;info mensuelle<\/a><\/li>\n\t<li class=\"page_item page-item-1040\"><a href=\"https:\/\/swp-dev.com\/asaf-test\/nos-actualites\/billet-d-humeur\/\">Billet d&rsquo;humeur<\/a><\/li>\n\t<li class=\"page_item page-item-726\"><a href=\"https:\/\/swp-dev.com\/asaf-test\/nos-actualites\/lu-vu-et-entendu-pour-vous\/\">Lu, vu et entendu pour vous<\/a><\/li>\n\t<li class=\"page_item page-item-718\"><a href=\"https:\/\/swp-dev.com\/asaf-test\/nos-actualites\/vie-de-lassociation\/\">Vie de l&rsquo;association<\/a><\/li>\n\t<li class=\"page_item page-item-1047\"><a href=\"https:\/\/swp-dev.com\/asaf-test\/nos-actualites\/le-livre-coup-de-coeur\/\">Le livre coup de c\u0153ur<\/a><\/li>\n\t<li class=\"page_item page-item-1051\"><a href=\"https:\/\/swp-dev.com\/asaf-test\/nos-actualites\/revue-dernier-numero\/\">Revue : dernier num\u00e9ro<\/a><\/li>\n<\/ul>\n<\/li>\n<li class=\"page_item page-item-697 page_item_has_children\"><a href=\"https:\/\/swp-dev.com\/asaf-test\/productions-asaf\/\">Productions ASAF<\/a>\n<ul class='children'>\n\t<li class=\"page_item page-item-792\"><a href=\"https:\/\/swp-dev.com\/asaf-test\/productions-asaf\/billets-d-humeur\/\">Billets d&rsquo;humeur<\/a><\/li>\n\t<li class=\"page_item page-item-796\"><a href=\"https:\/\/swp-dev.com\/asaf-test\/productions-asaf\/dossiers-speciaux\/\">Dossiers sp\u00e9ciaux<\/a><\/li>\n\t<li class=\"page_item page-item-799\"><a href=\"https:\/\/swp-dev.com\/asaf-test\/productions-asaf\/l-oeil-de-l-asaf\/\">l&rsquo;\u0152il de l&rsquo;ASAF<\/a><\/li>\n\t<li class=\"page_item page-item-802\"><a href=\"https:\/\/swp-dev.com\/asaf-test\/productions-asaf\/communiques\/\">Communiqu\u00e9s<\/a><\/li>\n\t<li class=\"page_item page-item-805\"><a href=\"https:\/\/swp-dev.com\/asaf-test\/productions-asaf\/videos\/\">Vid\u00e9os<\/a><\/li>\n\t<li class=\"page_item page-item-808\"><a href=\"https:\/\/swp-dev.com\/asaf-test\/productions-asaf\/revue-engagement\/\">Revue ENGAGEMENT<\/a><\/li>\n<\/ul>\n<\/li>\n<li class=\"page_item page-item-372 page_item_has_children\"><a href=\"https:\/\/swp-dev.com\/asaf-test\/boutique\/\">Boutique<\/a>\n<ul class='children'>\n\t<li class=\"page_item page-item-1061\"><a href=\"https:\/\/swp-dev.com\/asaf-test\/boutique\/revues\/\">Revues<\/a><\/li>\n\t<li class=\"page_item page-item-589\"><a href=\"https:\/\/swp-dev.com\/asaf-test\/boutique\/hors-series-numeros-speciaux\/\">Hors S\u00e9ries &#038; num\u00e9ros sp\u00e9ciaux<\/a><\/li>\n\t<li class=\"page_item page-item-2974\"><a href=\"https:\/\/swp-dev.com\/asaf-test\/boutique\/hors-series-numeros-speciaux-v2\/\">Hors S\u00e9ries &#038; num\u00e9ros sp\u00e9ciaux-v2<\/a><\/li>\n\t<li class=\"page_item page-item-590\"><a href=\"https:\/\/swp-dev.com\/asaf-test\/boutique\/articles-asaf-selection\/\">Articles ASAF (s\u00e9lection)<\/a><\/li>\n\t<li class=\"page_item page-item-591\"><a href=\"https:\/\/swp-dev.com\/asaf-test\/boutique\/cravate-et-pin-s-asaf\/\">Cravate &#038; pin&rsquo;s ASAF<\/a><\/li>\n<\/ul>\n<\/li>\n<li class=\"page_item page-item-379 page_item_has_children\"><a href=\"https:\/\/swp-dev.com\/asaf-test\/nos-armees\/\">Nos arm\u00e9es<\/a>\n<ul class='children'>\n\t<li class=\"page_item page-item-834\"><a href=\"https:\/\/swp-dev.com\/asaf-test\/nos-armees\/infos-generales\/\">Infos g\u00e9n\u00e9rales<\/a><\/li>\n\t<li class=\"page_item page-item-839\"><a href=\"https:\/\/swp-dev.com\/asaf-test\/nos-armees\/armee-de-terre\/\">Arm\u00e9e de Terre<\/a><\/li>\n\t<li class=\"page_item page-item-840\"><a href=\"https:\/\/swp-dev.com\/asaf-test\/nos-armees\/armee-de-l-air-et-de-l-espace\/\">Arm\u00e9e de l\u2019Air et de l\u2019Espace<\/a><\/li>\n\t<li class=\"page_item page-item-1186\"><a href=\"https:\/\/swp-dev.com\/asaf-test\/nos-armees\/gendarmerie\/\">Gendarmerie<\/a><\/li>\n\t<li class=\"page_item page-item-841\"><a href=\"https:\/\/swp-dev.com\/asaf-test\/nos-armees\/marine-nationale\/\">Marine Nationale<\/a><\/li>\n<\/ul>\n<\/li>\n<li class=\"page_item page-item-383 page_item_has_children\"><a href=\"https:\/\/swp-dev.com\/asaf-test\/l-asaf\/\">L&rsquo;ASAF<\/a>\n<ul class='children'>\n\t<li class=\"page_item page-item-929\"><a href=\"https:\/\/swp-dev.com\/asaf-test\/l-asaf\/qui-sommes-nous\/\">Qui sommes-nous ?<\/a><\/li>\n\t<li class=\"page_item page-item-933\"><a href=\"https:\/\/swp-dev.com\/asaf-test\/l-asaf\/notre-organisation\/\">Notre organisation<\/a><\/li>\n\t<li class=\"page_item page-item-934\"><a href=\"https:\/\/swp-dev.com\/asaf-test\/l-asaf\/nos-statuts\/\">Nos statuts<\/a><\/li>\n\t<li class=\"page_item page-item-935\"><a href=\"https:\/\/swp-dev.com\/asaf-test\/l-asaf\/nos-activites\/\">Nos activit\u00e9s<\/a><\/li>\n\t<li class=\"page_item page-item-936\"><a href=\"https:\/\/swp-dev.com\/asaf-test\/l-asaf\/adherer-a-l-asaf\/\">Adh\u00e9rer \u00e0 l\u2019ASAF<\/a><\/li>\n\t<li class=\"page_item page-item-937\"><a href=\"https:\/\/swp-dev.com\/asaf-test\/l-asaf\/soutenir-l-asaf\/\">Soutenir l\u2019ASAF<\/a><\/li>\n\t<li class=\"page_item page-item-842\"><a href=\"https:\/\/swp-dev.com\/asaf-test\/l-asaf\/vos-questions-faq\/\">Vos questions (FAQ)<\/a><\/li>\n<\/ul>\n<\/li>\n<li class=\"page_item page-item-386\"><a href=\"https:\/\/swp-dev.com\/asaf-test\/don-defiscalise\/\">Don d\u00e9fiscalis\u00e9<\/a><\/li>\n<li class=\"page_item page-item-32\"><a href=\"https:\/\/swp-dev.com\/asaf-test\/contact\/\">Contact<\/a><\/li>\n<li class=\"page_item page-item-883\"><a href=\"https:\/\/swp-dev.com\/asaf-test\/nos-archives\/\">Nos archives<\/a><\/li>\n<li class=\"page_item page-item-897\"><a href=\"https:\/\/swp-dev.com\/asaf-test\/conseil-webmaster\/\">Conseil &#038; Webmaster<\/a><\/li>\n<li class=\"page_item page-item-1491\"><a href=\"https:\/\/swp-dev.com\/asaf-test\/glossaire-des-abreviations\/\">Glossaire des abr\u00e9viations<\/a><\/li>\n<li class=\"page_item page-item-45\"><a href=\"https:\/\/swp-dev.com\/asaf-test\/mentions-legales\/\">Mentions l\u00e9gales<\/a><\/li>\n<li class=\"page_item page-item-1495\"><a href=\"https:\/\/swp-dev.com\/asaf-test\/credits-photos\/\">Cr\u00e9dits photos<\/a><\/li>\n<li class=\"page_item page-item-3\"><a href=\"https:\/\/swp-dev.com\/asaf-test\/politique-de-confidentialite\/\">Politique de confidentialit\u00e9<\/a><\/li>\n<li class=\"page_item page-item-121\"><a href=\"https:\/\/swp-dev.com\/asaf-test\/politique-de-cookies\/\">Politique de cookies<\/a><\/li>\n<li class=\"page_item page-item-3005\"><a href=\"https:\/\/swp-dev.com\/asaf-test\/typo\/\">typo<\/a><\/li>\n\n<\/ul>Abonnez-vous \u00e0 \u00ab l\u2019\u0152il de l\u2019ASAF\u00bb(lettre d\u2019infos mensuelle gratuite)&gt;&gt;Vous souhaitez rejoindre l\u2019ASAF ?Cliquez ici&gt;&gt;Commander le dernier num\u00e9rode la revue ENGAGEMENT&gt;&gt;<\/p>\n","protected":false},"author":1,"featured_media":0,"parent":0,"menu_order":1000,"comment_status":"closed","ping_status":"closed","template":"","meta":{"_et_pb_use_builder":"on","_et_pb_old_content":"","_et_gb_content_width":"","footnotes":""},"class_list":["post-20","page","type-page","status-publish","hentry"],"_links":{"self":[{"href":"https:\/\/swp-dev.com\/asaf-test\/wp-json\/wp\/v2\/pages\/20","targetHints":{"allow":["GET"]}}],"collection":[{"href":"https:\/\/swp-dev.com\/asaf-test\/wp-json\/wp\/v2\/pages"}],"about":[{"href":"https:\/\/swp-dev.com\/asaf-test\/wp-json\/wp\/v2\/types\/page"}],"author":[{"embeddable":true,"href":"https:\/\/swp-dev.com\/asaf-test\/wp-json\/wp\/v2\/users\/1"}],"replies":[{"embeddable":true,"href":"https:\/\/swp-dev.com\/asaf-test\/wp-json\/wp\/v2\/comments?post=20"}],"version-history":[{"count":6,"href":"https:\/\/swp-dev.com\/asaf-test\/wp-json\/wp\/v2\/pages\/20\/revisions"}],"predecessor-version":[{"id":2832,"href":"https:\/\/swp-dev.com\/asaf-test\/wp-json\/wp\/v2\/pages\/20\/revisions\/2832"}],"wp:attachment":[{"href":"https:\/\/swp-dev.com\/asaf-test\/wp-json\/wp\/v2\/media?parent=20"}],"curies":[{"name":"wp","href":"https:\/\/api.w.org\/{rel}","templated":true}]}}