{"id":842,"date":"2024-02-29T22:46:13","date_gmt":"2024-02-29T21:46:13","guid":{"rendered":"https:\/\/swp-dev.com\/asaf-test\/?page_id=842"},"modified":"2024-04-28T17:04:18","modified_gmt":"2024-04-28T15:04:18","slug":"vos-questions-faq","status":"publish","type":"page","link":"https:\/\/swp-dev.com\/asaf-test\/l-asaf\/vos-questions-faq\/","title":{"rendered":"Vos questions (FAQ)"},"content":{"rendered":"<p>[et_pb_section fb_built=\u00a0\u00bb1&Prime; _builder_version=\u00a0\u00bb4.24.2&Prime; module_alignment=\u00a0\u00bbcenter\u00a0\u00bb custom_margin=\u00a0\u00bb||0px||false|false\u00a0\u00bb custom_padding=\u00a0\u00bb|4.55vw||4.55vw|false|true\u00a0\u00bb global_colors_info=\u00a0\u00bb{}\u00a0\u00bb][et_pb_row module_class=\u00a0\u00bbtitre\u00a0\u00bb _builder_version=\u00a0\u00bb4.24.2&Prime; background_size=\u00a0\u00bbinitial\u00a0\u00bb background_position=\u00a0\u00bbtop_left\u00a0\u00bb background_repeat=\u00a0\u00bbrepeat\u00a0\u00bb width=\u00a0\u00bb100%\u00a0\u00bb max_width=\u00a0\u00bb100%\u00a0\u00bb custom_margin=\u00a0\u00bb0px|0px|0px|0px|true|true\u00a0\u00bb custom_padding=\u00a0\u00bb0px|0px|0px|0px|true|true\u00a0\u00bb global_colors_info=\u00a0\u00bb{}\u00a0\u00bb][et_pb_column type=\u00a0\u00bb4_4&Prime; _builder_version=\u00a0\u00bb4.16&Prime; custom_padding=\u00a0\u00bb|||\u00a0\u00bb global_colors_info=\u00a0\u00bb{}\u00a0\u00bb custom_padding__hover=\u00a0\u00bb|||\u00a0\u00bb][et_pb_text admin_label=\u00a0\u00bbTexte Vos questions (FAQ)\u00a0\u00bb _builder_version=\u00a0\u00bb4.25.0&Prime; _module_preset=\u00a0\u00bb96bf8191-23c7-47ba-bd5e-9226766feec2&Prime; custom_margin=\u00a0\u00bb|0px||0px|false|true\u00a0\u00bb custom_padding=\u00a0\u00bb|10vw||10vw|false|true\u00a0\u00bb hover_enabled=\u00a0\u00bb0&Prime; global_colors_info=\u00a0\u00bb{}\u00a0\u00bb sticky_enabled=\u00a0\u00bb0&Prime;]<\/p>\n<h1 style=\"text-align: center;\"><span style=\"font-size: 28px;\">Vos questions (FAQ)<\/span><\/h1>\n<p>Nous ne pourrons sans doute pas r\u00e9pondre ici \u00e0 toutes les interrogations que vous pourriez avoir en parcourant ce site. N\u00e9anmoins nous avons s\u00e9lectionn\u00e9 quelques-unes des questions les plus fr\u00e9quemment pos\u00e9es \u00e0 notre \u00e9quipe et nous y r\u00e9pondons directement ci-dessous. Et si un doute subsiste toujours dans votre esprit &gt;&gt; <a href=\"mailto:adherents@asafrance.fr\">adherents@asafrance.fr<\/a><\/p>\n<p>[\/et_pb_text][\/et_pb_column][\/et_pb_row][et_pb_row column_structure=\u00a0\u00bb2_5,3_5&Prime; use_custom_gutter=\u00a0\u00bbon\u00a0\u00bb gutter_width=\u00a0\u00bb2&Prime; disabled_on=\u00a0\u00bboff|off|off\u00a0\u00bb _builder_version=\u00a0\u00bb4.24.2&Prime; _module_preset=\u00a0\u00bbdefault\u00a0\u00bb width=\u00a0\u00bb100%\u00a0\u00bb max_width=\u00a0\u00bb100%\u00a0\u00bb module_alignment=\u00a0\u00bbcenter\u00a0\u00bb custom_margin=\u00a0\u00bb|0px|0px|0px|false|true\u00a0\u00bb custom_padding=\u00a0\u00bb|0px|0px|0px|false|true\u00a0\u00bb global_colors_info=\u00a0\u00bb{}\u00a0\u00bb][et_pb_column type=\u00a0\u00bb2_5&Prime; _builder_version=\u00a0\u00bb4.24.2&Prime; _module_preset=\u00a0\u00bbdefault\u00a0\u00bb background_color=\u00a0\u00bb#e5f8f8&Prime; custom_padding=\u00a0\u00bb|0px||0px|false|true\u00a0\u00bb custom_css_main_element=\u00a0\u00bbwidth:30vw!important;||margin-right:4vw!important;\u00a0\u00bb global_colors_info=\u00a0\u00bb{}\u00a0\u00bb][et_pb_text admin_label=\u00a0\u00bbTexte derni\u00e8re actualit\u00e9\u00a0\u00bb _builder_version=\u00a0\u00bb4.24.2&Prime; _module_preset=\u00a0\u00bbdefault\u00a0\u00bb text_font=\u00a0\u00bb|||on|||||\u00a0\u00bb text_text_color=\u00a0\u00bb#FFFFFF\u00a0\u00bb text_font_size=\u00a0\u00bb31px\u00a0\u00bb text_line_height=\u00a0\u00bb30px\u00a0\u00bb header_2_font=\u00a0\u00bb|600|||||||\u00a0\u00bb header_2_text_color=\u00a0\u00bb#FFFFFF\u00a0\u00bb header_2_font_size=\u00a0\u00bb34px\u00a0\u00bb background_color=\u00a0\u00bb#00407D\u00a0\u00bb custom_margin=\u00a0\u00bb||0px||false|false\u00a0\u00bb custom_padding=\u00a0\u00bb29px||0px||false|false\u00a0\u00bb locked=\u00a0\u00bboff\u00a0\u00bb global_colors_info=\u00a0\u00bb{}\u00a0\u00bb]<\/p>\n<h2 style=\"text-align: center;\">Derni\u00e8res<br \/>actualit\u00e9s<\/h2>\n<p>[\/et_pb_text][et_pb_blog posts_number=\u00a0\u00bb1&Prime; include_categories=\u00a0\u00bb17&Prime; meta_date=\u00a0\u00bbj M Y\u00a0\u00bb excerpt_length=\u00a0\u00bb120&Prime; show_author=\u00a0\u00bboff\u00a0\u00bb show_categories=\u00a0\u00bboff\u00a0\u00bb show_pagination=\u00a0\u00bboff\u00a0\u00bb admin_label=\u00a0\u00bbBlog derni\u00e8re actu\u00a0\u00bb module_class=\u00a0\u00bbderniereactu\u00a0\u00bb _builder_version=\u00a0\u00bb4.24.2&Prime; _module_preset=\u00a0\u00bbdefault\u00a0\u00bb header_text_color=\u00a0\u00bb#FFFFFF\u00a0\u00bb body_text_color=\u00a0\u00bb#FFFFFF\u00a0\u00bb meta_text_color=\u00a0\u00bb#ffffff\u00a0\u00bb background_color=\u00a0\u00bb#00407D\u00a0\u00bb custom_margin=\u00a0\u00bb0px||0px||false|false\u00a0\u00bb custom_padding=\u00a0\u00bb20px|6vw|20px|6vw|false|true\u00a0\u00bb locked=\u00a0\u00bboff\u00a0\u00bb global_colors_info=\u00a0\u00bb{}\u00a0\u00bb][\/et_pb_blog][et_pb_image src=\u00a0\u00bbhttps:\/\/swp-dev.com\/asaf-test\/wp-content\/uploads\/2024\/03\/indochine-70-ans-pour-actu-fixe.png\u00a0\u00bb alt=\u00a0\u00bbindochine-70-ans-pour-actu-fixe\u00a0\u00bb title_text=\u00a0\u00bbVoir le dossier sp\u00e9cial &lsquo;Indochine 70 ans'\u00a0\u00bb url=\u00a0\u00bb@ET-DC@eyJkeW5hbWljIjp0cnVlLCJjb250ZW50IjoicG9zdF9saW5rX3VybF9wYWdlIiwic2V0dGluZ3MiOnsicG9zdF9pZCI6IjcwNCJ9fQ==@\u00a0\u00bb align=\u00a0\u00bbcenter\u00a0\u00bb admin_label=\u00a0\u00bbImage Indochine 70 ans\u00a0\u00bb _builder_version=\u00a0\u00bb4.24.2&Prime; _dynamic_attributes=\u00a0\u00bburl\u00a0\u00bb _module_preset=\u00a0\u00bbdefault\u00a0\u00bb background_color=\u00a0\u00bb#e5f8f8&Prime; custom_margin=\u00a0\u00bb0px|6vw|0px|6vw|true|true\u00a0\u00bb custom_padding=\u00a0\u00bb20px||20px||true|true\u00a0\u00bb locked=\u00a0\u00bboff\u00a0\u00bb global_colors_info=\u00a0\u00bb{}\u00a0\u00bb][\/et_pb_image][et_pb_blog posts_number=\u00a0\u00bb1&Prime; include_categories=\u00a0\u00bb19&Prime; meta_date=\u00a0\u00bbj M Y\u00a0\u00bb excerpt_length=\u00a0\u00bb120&Prime; show_author=\u00a0\u00bboff\u00a0\u00bb show_categories=\u00a0\u00bboff\u00a0\u00bb show_excerpt=\u00a0\u00bboff\u00a0\u00bb show_pagination=\u00a0\u00bboff\u00a0\u00bb disabled_on=\u00a0\u00bbon|on|on\u00a0\u00bb admin_label=\u00a0\u00bbBlog actu fixe\u00a0\u00bb module_class=\u00a0\u00bbactufixe\u00a0\u00bb _builder_version=\u00a0\u00bb4.24.2&Prime; _module_preset=\u00a0\u00bbdefault\u00a0\u00bb header_text_color=\u00a0\u00bb#333333&Prime; body_text_color=\u00a0\u00bb#333333&Prime; meta_text_color=\u00a0\u00bb#333333&Prime; background_color=\u00a0\u00bb#e5f8f8&Prime; custom_margin=\u00a0\u00bb0px||0px||false|false\u00a0\u00bb custom_padding=\u00a0\u00bb40px|6vw|0px|6vw|false|true\u00a0\u00bb disabled=\u00a0\u00bbon\u00a0\u00bb global_colors_info=\u00a0\u00bb{}\u00a0\u00bb][\/et_pb_blog][et_pb_blog posts_number=\u00a0\u00bb1&Prime; include_categories=\u00a0\u00bb17&Prime; meta_date=\u00a0\u00bbj M Y\u00a0\u00bb use_manual_excerpt=\u00a0\u00bboff\u00a0\u00bb excerpt_length=\u00a0\u00bb120&Prime; show_author=\u00a0\u00bboff\u00a0\u00bb show_categories=\u00a0\u00bboff\u00a0\u00bb show_excerpt=\u00a0\u00bboff\u00a0\u00bb show_pagination=\u00a0\u00bboff\u00a0\u00bb offset_number=\u00a0\u00bb1&Prime; admin_label=\u00a0\u00bbBlog 1 actu suivante avec photo\u00a0\u00bb module_class=\u00a0\u00bbblog1actuavecphoto\u00a0\u00bb _builder_version=\u00a0\u00bb4.24.2&Prime; _module_preset=\u00a0\u00bbdefault\u00a0\u00bb header_text_color=\u00a0\u00bb#00407D\u00a0\u00bb body_text_color=\u00a0\u00bb#00407D\u00a0\u00bb meta_text_color=\u00a0\u00bb#00407D\u00a0\u00bb background_color=\u00a0\u00bb#e5f8f8&Prime; custom_margin=\u00a0\u00bb0px||0px||false|false\u00a0\u00bb custom_padding=\u00a0\u00bb20px|6vw|0px|6vw|false|true\u00a0\u00bb locked=\u00a0\u00bboff\u00a0\u00bb global_colors_info=\u00a0\u00bb{}\u00a0\u00bb][\/et_pb_blog][et_pb_blog posts_number=\u00a0\u00bb4&Prime; include_categories=\u00a0\u00bb17&Prime; meta_date=\u00a0\u00bbj M Y\u00a0\u00bb show_thumbnail=\u00a0\u00bboff\u00a0\u00bb use_manual_excerpt=\u00a0\u00bboff\u00a0\u00bb excerpt_length=\u00a0\u00bb120&Prime; show_author=\u00a0\u00bboff\u00a0\u00bb show_categories=\u00a0\u00bboff\u00a0\u00bb show_excerpt=\u00a0\u00bboff\u00a0\u00bb show_pagination=\u00a0\u00bboff\u00a0\u00bb offset_number=\u00a0\u00bb2&Prime; admin_label=\u00a0\u00bbBlog 4 actus suivantes sans photos\u00a0\u00bb module_id=\u00a0\u00bbblogactussansphoto\u00a0\u00bb _builder_version=\u00a0\u00bb4.24.2&Prime; _module_preset=\u00a0\u00bbdefault\u00a0\u00bb header_text_color=\u00a0\u00bb#333333&Prime; body_text_color=\u00a0\u00bb#333333&Prime; meta_text_color=\u00a0\u00bb#333333&Prime; background_color=\u00a0\u00bb#e5f8f8&Prime; custom_margin=\u00a0\u00bb0px||0px||false|false\u00a0\u00bb custom_padding=\u00a0\u00bb20px|6vw|60px|6vw|false|true\u00a0\u00bb locked=\u00a0\u00bboff\u00a0\u00bb global_colors_info=\u00a0\u00bb{}\u00a0\u00bb][\/et_pb_blog][\/et_pb_column][et_pb_column type=\u00a0\u00bb3_5&Prime; _builder_version=\u00a0\u00bb4.24.2&Prime; _module_preset=\u00a0\u00bbdefault\u00a0\u00bb custom_padding=\u00a0\u00bb|0px||0px|false|true\u00a0\u00bb custom_css_main_element=\u00a0\u00bbmargin-right:4vw!important;\u00a0\u00bb global_colors_info=\u00a0\u00bb{}\u00a0\u00bb][et_pb_accordion icon_color=\u00a0\u00bb#FFFFFF\u00a0\u00bb _builder_version=\u00a0\u00bb4.24.2&Prime; _module_preset=\u00a0\u00bbdefault\u00a0\u00bb toggle_font_size=\u00a0\u00bb24px\u00a0\u00bb global_colors_info=\u00a0\u00bb{}\u00a0\u00bb][et_pb_accordion_item title=\u00a0\u00bbQuestion rouge comment  faire blabla ?\u00a0\u00bb open=\u00a0\u00bbon\u00a0\u00bb open_toggle_text_color=\u00a0\u00bb#AB0100&Prime; open_toggle_background_color=\u00a0\u00bb#FFFFFF\u00a0\u00bb closed_toggle_text_color=\u00a0\u00bb#FFFFFF\u00a0\u00bb closed_toggle_background_color=\u00a0\u00bb#AB0100&Prime; icon_color=\u00a0\u00bb#FFFFFF\u00a0\u00bb toggle_icon=\u00a0\u00bb&#xe04c;||divi||400&Prime; use_icon_font_size=\u00a0\u00bbon\u00a0\u00bb icon_font_size=\u00a0\u00bb28px\u00a0\u00bb open_icon_color=\u00a0\u00bb#FFFFFF\u00a0\u00bb open_use_icon_font_size=\u00a0\u00bbon\u00a0\u00bb open_icon_font_size=\u00a0\u00bb28px\u00a0\u00bb _builder_version=\u00a0\u00bb4.24.2&Prime; _module_preset=\u00a0\u00bbdefault\u00a0\u00bb custom_css_free_form=\u00a0\u00bbselector {||background-image: url(&lsquo;https:\/\/swp-dev.com\/asaf-test\/wp-content\/uploads\/2024\/03\/point-d-interrogation-rouge-50&#215;84-1.png&rsquo;);||background-position: top left;||background-repeat: no-repeat;||padding-left: 60px!important;||background-size: 60px auto;||}\u00a0\u00bb global_colors_info=\u00a0\u00bb{}\u00a0\u00bb toggle_text_color=\u00a0\u00bb#AB0100&Prime;]<\/p>\n<p>Question rouge Lorem ipsum dolor sit amet, consectetur adipiscing elit. Duis euismod, tellus sed gravida faucibus, libero lacus dictum mi, sit amet rhoncus velit nunc eget mi. Class aptent taciti sociosqu ad litora torquent per conubia nostra, per inceptos himenaeos. Sed eleifend, ligula sit amet egestas ornare, dolor lorem commodo ex, in venenatis odio metus in metus. Morbi pretium tellus commodo ante convallis congue. Quisque quis accumsan dui, in dictum massa. Duis vulputate nisi et dolor egestas faucibus. Duis nisi nunc, maximus at volutpat vitae, laoreet sit amet orci.<\/p>\n<p>Sed porttitor ullamcorper nisl. Aliquam dapibus tristique augue sit amet finibus. Phasellus semper turpis lectus, nec convallis sem faucibus id. Lorem ipsum dolor sit amet, consectetur adipiscing elit. Curabitur mi urna, hendrerit a ligula non, varius dictum justo. Cras convallis lorem id ex imperdiet, sit amet egestas erat sodales. Nullam nec tincidunt ipsum.<\/p>\n<p>Quisque id felis lobortis, tempus odio eu, imperdiet felis. Duis sit amet mi dui. Proin magna justo, accumsan vel hendrerit id, venenatis vitae orci. Aliquam elementum purus in quam consectetur, in ultricies turpis sodales. In augue mauris, dapibus eu nulla convallis, interdum maximus est. Integer iaculis nulla ut urna elementum, at vulputate metus ullamcorper. In hac habitasse platea dictumst. Integer egestas, felis non porttitor auctor, ante augue lacinia justo, sit amet interdum nunc lorem a turpis. Cras scelerisque dui sed dignissim varius. Ut porta vulputate semper. Sed at neque justo.<\/p>\n<p>[\/et_pb_accordion_item][et_pb_accordion_item title=\u00a0\u00bbNos ACTUALIT\u00c9S : Lorem ipsum dolor ?\u00a0\u00bb open_toggle_text_color=\u00a0\u00bb#333333&Prime; open_toggle_background_color=\u00a0\u00bb#FFFFFF\u00a0\u00bb closed_toggle_text_color=\u00a0\u00bb#FFFFFF\u00a0\u00bb closed_toggle_background_color=\u00a0\u00bb#333333&Prime; icon_color=\u00a0\u00bb#FFFFFF\u00a0\u00bb toggle_icon=\u00a0\u00bb&#xe04c;||divi||400&Prime; use_icon_font_size=\u00a0\u00bbon\u00a0\u00bb icon_font_size=\u00a0\u00bb28px\u00a0\u00bb open_icon_color=\u00a0\u00bb#FFFFFF\u00a0\u00bb open_use_icon_font_size=\u00a0\u00bbon\u00a0\u00bb open_icon_font_size=\u00a0\u00bb28px\u00a0\u00bb _builder_version=\u00a0\u00bb4.24.2&Prime; _module_preset=\u00a0\u00bbdefault\u00a0\u00bb custom_css_free_form=\u00a0\u00bbselector {||background-image: url(&lsquo;https:\/\/swp-dev.com\/asaf-test\/wp-content\/uploads\/2024\/03\/point-d-interrogation-gris-50&#215;84-1.png&rsquo;);||background-position: top left;||background-repeat: no-repeat;||padding-left: 60px!important;||background-size: 60px auto;||}\u00a0\u00bb global_colors_info=\u00a0\u00bb{}\u00a0\u00bb toggle_text_color=\u00a0\u00bb#333333&Prime; open=\u00a0\u00bboff\u00a0\u00bb]<\/p>\n<p>Question rouge Lorem ipsum dolor sit amet, consectetur adipiscing elit. Duis euismod, tellus sed gravida faucibus, libero lacus dictum mi, sit amet rhoncus velit nunc eget mi. Class aptent taciti sociosqu ad litora torquent per conubia nostra, per inceptos himenaeos. Sed eleifend, ligula sit amet egestas ornare, dolor lorem commodo ex, in venenatis odio metus in metus. Morbi pretium tellus commodo ante convallis congue. Quisque quis accumsan dui, in dictum massa. Duis vulputate nisi et dolor egestas faucibus. Duis nisi nunc, maximus at volutpat vitae, laoreet sit amet orci.<\/p>\n<p>Sed porttitor ullamcorper nisl. Aliquam dapibus tristique augue sit amet finibus. Phasellus semper turpis lectus, nec convallis sem faucibus id. Lorem ipsum dolor sit amet, consectetur adipiscing elit. Curabitur mi urna, hendrerit a ligula non, varius dictum justo. Cras convallis lorem id ex imperdiet, sit amet egestas erat sodales. Nullam nec tincidunt ipsum.<\/p>\n<p>Quisque id felis lobortis, tempus odio eu, imperdiet felis. Duis sit amet mi dui. Proin magna justo, accumsan vel hendrerit id, venenatis vitae orci. Aliquam elementum purus in quam consectetur, in ultricies turpis sodales. In augue mauris, dapibus eu nulla convallis, interdum maximus est. Integer iaculis nulla ut urna elementum, at vulputate metus ullamcorper. In hac habitasse platea dictumst. Integer egestas, felis non porttitor auctor, ante augue lacinia justo, sit amet interdum nunc lorem a turpis. Cras scelerisque dui sed dignissim varius. Ut porta vulputate semper. Sed at neque justo.<\/p>\n<p>[\/et_pb_accordion_item][et_pb_accordion_item title=\u00a0\u00bbVotre ADH\u00c9SION : Lorem ipsum dolor ?\u00a0\u00bb open_toggle_text_color=\u00a0\u00bb#00407D\u00a0\u00bb open_toggle_background_color=\u00a0\u00bb#FFFFFF\u00a0\u00bb closed_toggle_text_color=\u00a0\u00bb#FFFFFF\u00a0\u00bb closed_toggle_background_color=\u00a0\u00bb#00407D\u00a0\u00bb icon_color=\u00a0\u00bb#FFFFFF\u00a0\u00bb toggle_icon=\u00a0\u00bb&#xe04c;||divi||400&Prime; use_icon_font_size=\u00a0\u00bbon\u00a0\u00bb icon_font_size=\u00a0\u00bb28px\u00a0\u00bb open_icon_color=\u00a0\u00bb#FFFFFF\u00a0\u00bb open_use_icon_font_size=\u00a0\u00bbon\u00a0\u00bb open_icon_font_size=\u00a0\u00bb28px\u00a0\u00bb _builder_version=\u00a0\u00bb4.24.2&Prime; _module_preset=\u00a0\u00bbdefault\u00a0\u00bb custom_css_free_form=\u00a0\u00bbselector {||background-image: url(&lsquo;https:\/\/swp-dev.com\/asaf-test\/wp-content\/uploads\/2024\/03\/point-d-interrogation-bleu-50&#215;84-1.png&rsquo;);||background-position: top left;||background-repeat: no-repeat;||padding-left: 60px!important;||background-size: 60px auto;||}\u00a0\u00bb global_colors_info=\u00a0\u00bb{}\u00a0\u00bb toggle_text_color=\u00a0\u00bb#00407D\u00a0\u00bb open=\u00a0\u00bboff\u00a0\u00bb]<\/p>\n<p>Question rouge Lorem ipsum dolor sit amet, consectetur adipiscing elit. Duis euismod, tellus sed gravida faucibus, libero lacus dictum mi, sit amet rhoncus velit nunc eget mi. Class aptent taciti sociosqu ad litora torquent per conubia nostra, per inceptos himenaeos. Sed eleifend, ligula sit amet egestas ornare, dolor lorem commodo ex, in venenatis odio metus in metus. Morbi pretium tellus commodo ante convallis congue. Quisque quis accumsan dui, in dictum massa. Duis vulputate nisi et dolor egestas faucibus. Duis nisi nunc, maximus at volutpat vitae, laoreet sit amet orci.<\/p>\n<p>Sed porttitor ullamcorper nisl. Aliquam dapibus tristique augue sit amet finibus. Phasellus semper turpis lectus, nec convallis sem faucibus id. Lorem ipsum dolor sit amet, consectetur adipiscing elit. Curabitur mi urna, hendrerit a ligula non, varius dictum justo. Cras convallis lorem id ex imperdiet, sit amet egestas erat sodales. Nullam nec tincidunt ipsum.<\/p>\n<p>Quisque id felis lobortis, tempus odio eu, imperdiet felis. Duis sit amet mi dui. Proin magna justo, accumsan vel hendrerit id, venenatis vitae orci. Aliquam elementum purus in quam consectetur, in ultricies turpis sodales. In augue mauris, dapibus eu nulla convallis, interdum maximus est. Integer iaculis nulla ut urna elementum, at vulputate metus ullamcorper. In hac habitasse platea dictumst. Integer egestas, felis non porttitor auctor, ante augue lacinia justo, sit amet interdum nunc lorem a turpis. Cras scelerisque dui sed dignissim varius. Ut porta vulputate semper. Sed at neque justo.<\/p>\n<p>[\/et_pb_accordion_item][\/et_pb_accordion][\/et_pb_column][\/et_pb_row][\/et_pb_section][et_pb_section fb_built=\u00a0\u00bb1&Prime; admin_label=\u00a0\u00bbSection bas de page\u00a0\u00bb _builder_version=\u00a0\u00bb4.24.2&Prime; _module_preset=\u00a0\u00bbdefault\u00a0\u00bb global_colors_info=\u00a0\u00bb{}\u00a0\u00bb][et_pb_row column_structure=\u00a0\u00bb1_3,1_3,1_3&Prime; use_custom_gutter=\u00a0\u00bbon\u00a0\u00bb gutter_width=\u00a0\u00bb2&Prime; disabled_on=\u00a0\u00bboff|off|off\u00a0\u00bb admin_label=\u00a0\u00bbLigne avec bordures  bleue et rouge sur col 2 et 3&Prime; _builder_version=\u00a0\u00bb4.24.2&Prime; _module_preset=\u00a0\u00bbdefault\u00a0\u00bb width=\u00a0\u00bb100%\u00a0\u00bb max_width=\u00a0\u00bb100%\u00a0\u00bb module_alignment=\u00a0\u00bbcenter\u00a0\u00bb custom_margin=\u00a0\u00bb|0px|0px|0px|false|true\u00a0\u00bb custom_padding=\u00a0\u00bb|0px|0px|0px|false|true\u00a0\u00bb locked=\u00a0\u00bboff\u00a0\u00bb global_colors_info=\u00a0\u00bb{}\u00a0\u00bb][et_pb_column type=\u00a0\u00bb1_3&Prime; _builder_version=\u00a0\u00bb4.24.2&Prime; _module_preset=\u00a0\u00bbdefault\u00a0\u00bb background_color=\u00a0\u00bb#e5f8f8&Prime; custom_padding=\u00a0\u00bb|0px||0px|false|true\u00a0\u00bb custom_css_main_element=\u00a0\u00bbwidth:30vw!important;||margin-right:4vw!important;\u00a0\u00bb global_colors_info=\u00a0\u00bb{}\u00a0\u00bb][\/et_pb_column][et_pb_column type=\u00a0\u00bb1_3&Prime; _builder_version=\u00a0\u00bb4.24.2&Prime; _module_preset=\u00a0\u00bbdefault\u00a0\u00bb custom_padding=\u00a0\u00bb|0px||0px|false|true\u00a0\u00bb custom_css_main_element=\u00a0\u00bbwidth:26vw!important;||margin-right:4vw!important;\u00a0\u00bb border_width_top=\u00a0\u00bb10px\u00a0\u00bb border_color_top=\u00a0\u00bb#00407D\u00a0\u00bb global_colors_info=\u00a0\u00bb{}\u00a0\u00bb][\/et_pb_column][et_pb_column type=\u00a0\u00bb1_3&Prime; _builder_version=\u00a0\u00bb4.24.2&Prime; _module_preset=\u00a0\u00bbdefault\u00a0\u00bb custom_padding=\u00a0\u00bb|0px||0px|false|true\u00a0\u00bb custom_css_main_element=\u00a0\u00bbwidth:26vw!important;\u00a0\u00bb border_width_top=\u00a0\u00bb10px\u00a0\u00bb border_color_top=\u00a0\u00bb#AB0100&Prime; global_colors_info=\u00a0\u00bb{}\u00a0\u00bb][\/et_pb_column][\/et_pb_row][et_pb_row column_structure=\u00a0\u00bb2_5,3_5&Prime; use_custom_gutter=\u00a0\u00bbon\u00a0\u00bb gutter_width=\u00a0\u00bb2&Prime; disabled_on=\u00a0\u00bboff|off|off\u00a0\u00bb _builder_version=\u00a0\u00bb4.24.2&Prime; _module_preset=\u00a0\u00bbdefault\u00a0\u00bb width=\u00a0\u00bb100%\u00a0\u00bb max_width=\u00a0\u00bb100%\u00a0\u00bb module_alignment=\u00a0\u00bbcenter\u00a0\u00bb custom_margin=\u00a0\u00bb|0px|0px|0px|false|true\u00a0\u00bb custom_padding=\u00a0\u00bb|0px|0px|0px|false|true\u00a0\u00bb global_colors_info=\u00a0\u00bb{}\u00a0\u00bb][et_pb_column type=\u00a0\u00bb2_5&Prime; _builder_version=\u00a0\u00bb4.24.2&Prime; _module_preset=\u00a0\u00bbdefault\u00a0\u00bb background_color=\u00a0\u00bb#e5f8f8&Prime; custom_padding=\u00a0\u00bb|0px||0px|false|true\u00a0\u00bb custom_css_main_element=\u00a0\u00bbwidth:30vw!important;||margin-right:4vw!important;\u00a0\u00bb global_colors_info=\u00a0\u00bb{}\u00a0\u00bb][\/et_pb_column][et_pb_column type=\u00a0\u00bb3_5&Prime; _builder_version=\u00a0\u00bb4.24.2&Prime; _module_preset=\u00a0\u00bbdefault\u00a0\u00bb custom_padding=\u00a0\u00bb|0px||0px|false|true\u00a0\u00bb custom_css_main_element=\u00a0\u00bbmargin-right:4vw!important;\u00a0\u00bb global_colors_info=\u00a0\u00bb{}\u00a0\u00bb][et_pb_text admin_label=\u00a0\u00bbTexte 3 div %22tiers%22&Prime; _builder_version=\u00a0\u00bb4.24.2&Prime; _module_preset=\u00a0\u00bbdefault\u00a0\u00bb text_text_color=\u00a0\u00bb#00407D\u00a0\u00bb text_font_size=\u00a0\u00bb18px\u00a0\u00bb link_text_color=\u00a0\u00bb#00407D\u00a0\u00bb header_2_font=\u00a0\u00bb|600||on|||||\u00a0\u00bb header_2_text_color=\u00a0\u00bb#00407D\u00a0\u00bb header_2_font_size=\u00a0\u00bb34px\u00a0\u00bb header_3_font=\u00a0\u00bb|||on|||||\u00a0\u00bb header_3_text_color=\u00a0\u00bb#00407D\u00a0\u00bb max_width=\u00a0\u00bb90%\u00a0\u00bb module_alignment=\u00a0\u00bbcenter\u00a0\u00bb custom_margin=\u00a0\u00bb0px||||false|false\u00a0\u00bb custom_padding=\u00a0\u00bb20px|0px||0px|false|true\u00a0\u00bb link_option_url=\u00a0\u00bbhttps:\/\/swp-dev.com\/asaf-test\/nos-armees\/infos-generales\/\u00a0\u00bb global_colors_info=\u00a0\u00bb{}\u00a0\u00bb]<\/p>\n<div class=\"bleu tiers\">\n<p style=\"text-align: center;\"><a href=\"https:\/\/swp-dev.com\/asaf-test\/boutique\/revues\/\" target=\"_blank\" rel=\"noopener\">Abonnez-vous \u00e0 \u00ab l\u2019\u0152il de l\u2019ASAF\u00bb<br \/>(lettre d\u2019infos mensuelle gratuite)<br \/>&gt;&gt;<\/a><\/p>\n<\/div>\n<div class=\"rouge tiers\">\n<p style=\"text-align: center;\"><a href=\"https:\/\/swp-dev.com\/asaf-test\/nos-actualites\/revue-dernier-numero\/\" target=\"_blank\" rel=\"noopener\">Commander le dernier num\u00e9ro<br \/>de la revue ENGAGEMENT<br \/>&gt;&gt;<\/a><\/p>\n<\/div>\n<div class=\"gris tiers\">\n<p style=\"text-align: center;\"><a href=\"https:\/\/swp-dev.com\/asaf-test\/l-asaf\/adherer-a-l-asaf\/\" target=\"_blank\" rel=\"noopener\">Vous souhaitez rejoindre l\u2019ASAF ?<br \/>Cliquez ici<br \/>&gt;&gt;<\/a><\/p>\n<\/div>\n<p>[\/et_pb_text][\/et_pb_column][\/et_pb_row][\/et_pb_section]<\/p>\n","protected":false},"excerpt":{"rendered":"<p>Vos questions (FAQ) Nous ne pourrons sans doute pas r\u00e9pondre ici \u00e0 toutes les interrogations que vous pourriez avoir en parcourant ce site. N\u00e9anmoins nous avons s\u00e9lectionn\u00e9 quelques-unes des questions les plus fr\u00e9quemment pos\u00e9es \u00e0 notre \u00e9quipe et nous y r\u00e9pondons directement ci-dessous. Et si un doute subsiste toujours dans votre esprit &gt;&gt; adherents@asafrance.frDerni\u00e8resactualit\u00e9sQuestion rouge [&hellip;]<\/p>\n","protected":false},"author":1,"featured_media":0,"parent":383,"menu_order":60,"comment_status":"closed","ping_status":"closed","template":"","meta":{"_et_pb_use_builder":"on","_et_pb_old_content":"<h1>Th\u00e9matiques<\/h1>","_et_gb_content_width":"","footnotes":""},"class_list":["post-842","page","type-page","status-publish","hentry"],"_links":{"self":[{"href":"https:\/\/swp-dev.com\/asaf-test\/wp-json\/wp\/v2\/pages\/842","targetHints":{"allow":["GET"]}}],"collection":[{"href":"https:\/\/swp-dev.com\/asaf-test\/wp-json\/wp\/v2\/pages"}],"about":[{"href":"https:\/\/swp-dev.com\/asaf-test\/wp-json\/wp\/v2\/types\/page"}],"author":[{"embeddable":true,"href":"https:\/\/swp-dev.com\/asaf-test\/wp-json\/wp\/v2\/users\/1"}],"replies":[{"embeddable":true,"href":"https:\/\/swp-dev.com\/asaf-test\/wp-json\/wp\/v2\/comments?post=842"}],"version-history":[{"count":50,"href":"https:\/\/swp-dev.com\/asaf-test\/wp-json\/wp\/v2\/pages\/842\/revisions"}],"predecessor-version":[{"id":2936,"href":"https:\/\/swp-dev.com\/asaf-test\/wp-json\/wp\/v2\/pages\/842\/revisions\/2936"}],"up":[{"embeddable":true,"href":"https:\/\/swp-dev.com\/asaf-test\/wp-json\/wp\/v2\/pages\/383"}],"wp:attachment":[{"href":"https:\/\/swp-dev.com\/asaf-test\/wp-json\/wp\/v2\/media?parent=842"}],"curies":[{"name":"wp","href":"https:\/\/api.w.org\/{rel}","templated":true}]}}