{"id":897,"date":"2024-02-29T23:35:29","date_gmt":"2024-02-29T22:35:29","guid":{"rendered":"https:\/\/swp-dev.com\/asaf-test\/?page_id=897"},"modified":"2024-04-28T17:05:54","modified_gmt":"2024-04-28T15:05:54","slug":"conseil-webmaster","status":"publish","type":"page","link":"https:\/\/swp-dev.com\/asaf-test\/conseil-webmaster\/","title":{"rendered":"Conseil &#038; Webmaster"},"content":{"rendered":"<p>[et_pb_section fb_built=\u00a0\u00bb1&Prime; admin_label=\u00a0\u00bbSection contenu\u00a0\u00bb _builder_version=\u00a0\u00bb4.16&Prime; custom_margin=\u00a0\u00bb0px|0px|0px|0px|true|true\u00a0\u00bb custom_padding=\u00a0\u00bb0px|0px|40px|0px|false|true\u00a0\u00bb global_colors_info=\u00a0\u00bb{}\u00a0\u00bb][et_pb_row _builder_version=\u00a0\u00bb4.24.3&Prime; background_size=\u00a0\u00bbinitial\u00a0\u00bb background_position=\u00a0\u00bbtop_left\u00a0\u00bb background_repeat=\u00a0\u00bbrepeat\u00a0\u00bb width=\u00a0\u00bb100%\u00a0\u00bb max_width=\u00a0\u00bb100%\u00a0\u00bb module_alignment=\u00a0\u00bbcenter\u00a0\u00bb custom_margin=\u00a0\u00bb0px|0px||0px|false|true\u00a0\u00bb custom_padding=\u00a0\u00bb0px|0px||0px|false|true\u00a0\u00bb global_colors_info=\u00a0\u00bb{}\u00a0\u00bb][et_pb_column type=\u00a0\u00bb4_4&Prime; _builder_version=\u00a0\u00bb4.16&Prime; custom_padding=\u00a0\u00bb|||\u00a0\u00bb global_colors_info=\u00a0\u00bb{}\u00a0\u00bb custom_padding__hover=\u00a0\u00bb|||\u00a0\u00bb][et_pb_image src=\u00a0\u00bbhttps:\/\/swp-dev.com\/asaf-test\/wp-content\/uploads\/2024\/04\/bandeau-conseil-webmaster-1900&#215;290-1.jpg\u00a0\u00bb title_text=\u00a0\u00bbbandeau-conseil-webmaster-1900&#215;290&Prime; align=\u00a0\u00bbcenter\u00a0\u00bb force_fullwidth=\u00a0\u00bbon\u00a0\u00bb admin_label=\u00a0\u00bbImage 1900&#215;290&Prime; _builder_version=\u00a0\u00bb4.25.0&Prime; _module_preset=\u00a0\u00bbdefault\u00a0\u00bb global_colors_info=\u00a0\u00bb{}\u00a0\u00bb][\/et_pb_image][et_pb_text admin_label=\u00a0\u00bbh1 Ils ont con\u00e7u et r\u00e9alis\u00e9 ce site\u00a0\u00bb _builder_version=\u00a0\u00bb4.25.0&Prime; text_font=\u00a0\u00bb|600|||||||\u00a0\u00bb header_font=\u00a0\u00bb|||on|||||\u00a0\u00bb hover_enabled=\u00a0\u00bb0&Prime; global_colors_info=\u00a0\u00bb{}\u00a0\u00bb _module_preset=\u00a0\u00bb96bf8191-23c7-47ba-bd5e-9226766feec2&Prime; sticky_enabled=\u00a0\u00bb0&Prime;]<\/p>\n<h1 style=\"text-align: center;\"><strong>Ils ont con\u00e7u et r\u00e9alis\u00e9 ce site<\/strong><\/h1>\n<p>[\/et_pb_text][\/et_pb_column][\/et_pb_row][et_pb_row column_structure=\u00a0\u00bb2_5,3_5&Prime; _builder_version=\u00a0\u00bb4.25.0&Prime; _module_preset=\u00a0\u00bbdefault\u00a0\u00bb width=\u00a0\u00bb100%\u00a0\u00bb max_width=\u00a0\u00bb100%\u00a0\u00bb module_alignment=\u00a0\u00bbcenter\u00a0\u00bb custom_margin=\u00a0\u00bb40px|0px|40px|0px|false|true\u00a0\u00bb custom_padding=\u00a0\u00bb0px|5vw|0px|5vw|true|true\u00a0\u00bb global_colors_info=\u00a0\u00bb{}\u00a0\u00bb][et_pb_column type=\u00a0\u00bb2_5&Prime; _builder_version=\u00a0\u00bb4.24.3&Prime; _module_preset=\u00a0\u00bbdefault\u00a0\u00bb custom_padding=\u00a0\u00bb|0px||0px|false|true\u00a0\u00bb custom_css_main_element=\u00a0\u00bbwidth:30vw!important;margin:0 4vw 0 0!important;\u00a0\u00bb global_colors_info=\u00a0\u00bb{}\u00a0\u00bb][et_pb_image src=\u00a0\u00bbhttps:\/\/swp-dev.com\/asaf-test\/wp-content\/uploads\/2024\/04\/conception-webmaster-col-1.jpg\u00a0\u00bb title_text=\u00a0\u00bbSATER\u00a0\u00bb force_fullwidth=\u00a0\u00bbon\u00a0\u00bb disabled_on=\u00a0\u00bboff|off|off\u00a0\u00bb admin_label=\u00a0\u00bbImage h\u00e9litreuillage montagne\u00a0\u00bb _builder_version=\u00a0\u00bb4.25.0&Prime; _module_preset=\u00a0\u00bbdefault\u00a0\u00bb custom_margin=\u00a0\u00bb0px|0px|0px|0px|true|true\u00a0\u00bb custom_padding=\u00a0\u00bb0px|0px|0px|0px|true|true\u00a0\u00bb global_colors_info=\u00a0\u00bb{}\u00a0\u00bb][\/et_pb_image][\/et_pb_column][et_pb_column type=\u00a0\u00bb3_5&Prime; _builder_version=\u00a0\u00bb4.24.3&Prime; _module_preset=\u00a0\u00bbdefault\u00a0\u00bb custom_padding=\u00a0\u00bb|0px||0px|false|true\u00a0\u00bb custom_css_main_element=\u00a0\u00bbwidth:55vw!important;margin:0!important;\u00a0\u00bb global_colors_info=\u00a0\u00bb{}\u00a0\u00bb][et_pb_text admin_label=\u00a0\u00bbTexte Conception &#038; conseil\u00a0\u00bb _builder_version=\u00a0\u00bb4.25.0&Prime; header_2_font=\u00a0\u00bb|||on|||||\u00a0\u00bb header_2_text_color=\u00a0\u00bb#333333&Prime; width=\u00a0\u00bb100%\u00a0\u00bb module_alignment=\u00a0\u00bbcenter\u00a0\u00bb custom_margin=\u00a0\u00bb|0px||0px|false|true\u00a0\u00bb global_colors_info=\u00a0\u00bb{}\u00a0\u00bb]<\/p>\n<p><strong style=\"color: #00407d;\">CONCEPTION &amp; CONSEIL EN COMMUNICATION<br \/><\/strong>Patrice de GAYFFIER, Consultant en communication<br \/>&gt; <a href=\"https:\/\/www.unebonnecom.com\" target=\"_blank\" rel=\"noopener\">www.unebonnecom.com<\/a><\/p>\n<p>&nbsp;<\/p>\n<p><strong style=\"color: #00407d;\">DIRECTION ARTISTIQUE<\/strong><br \/>Emmanuelle SUBRIN, Directrice Artistique<br \/>&gt; <a href=\"http:\/\/www.souslesorangers.com\" target=\"_blank\" rel=\"noopener\">www.souslesorangers.com<\/a><\/p>\n<p>&nbsp;<\/p>\n<p><strong style=\"color: #00407d;\">INT\u00c9GRATION&amp; D\u00c9VELOPPEMENT INFORMATIQUE<\/strong><br \/>Pascal DERATH\u00c9, artisan du web (SWP)<br \/>&gt; <a href=\"https:\/\/www.swp.fr\" target=\"_blank\" rel=\"noopener\">www.swp.fr<\/a><\/p>\n<p>&nbsp;<\/p>\n<p><strong style=\"color: #00407d;\">WEBMASTER \/ ADMINISTRATION DU SITE<\/strong><br \/>Laure FANJEAU, consultante<br \/>&gt; <a href=\"mailto:fanjeaulaure@yahoo.fr\">fanjeaulaure@yahoo.fr<\/a><\/p>\n<p>[\/et_pb_text][\/et_pb_column][\/et_pb_row][et_pb_row column_structure=\u00a0\u00bb1_3,1_3,1_3&Prime; use_custom_gutter=\u00a0\u00bbon\u00a0\u00bb gutter_width=\u00a0\u00bb1&Prime; admin_label=\u00a0\u00bbLigne bordure haute 3 colonnes bleu blanc rouge 3&#215;30%\u00a0\u00bb _builder_version=\u00a0\u00bb4.24.3&Prime; _module_preset=\u00a0\u00bbdefault\u00a0\u00bb width=\u00a0\u00bb100vw\u00a0\u00bb max_width=\u00a0\u00bb100vw\u00a0\u00bb module_alignment=\u00a0\u00bbcenter\u00a0\u00bb custom_margin=\u00a0\u00bb|0px||0px|false|true\u00a0\u00bb custom_padding=\u00a0\u00bb|5vw||5vw|false|true\u00a0\u00bb global_module=\u00a0\u00bb2002&Prime; collapsed=\u00a0\u00bbon\u00a0\u00bb global_colors_info=\u00a0\u00bb{}\u00a0\u00bb][et_pb_column type=\u00a0\u00bb1_3&Prime; _builder_version=\u00a0\u00bb4.24.3&Prime; _module_preset=\u00a0\u00bbdefault\u00a0\u00bb custom_padding=\u00a0\u00bb0px||0px||true|false\u00a0\u00bb border_width_top=\u00a0\u00bb10px\u00a0\u00bb border_color_top=\u00a0\u00bb#00407D\u00a0\u00bb global_colors_info=\u00a0\u00bb{}\u00a0\u00bb][et_pb_text admin_label=\u00a0\u00bbTexte Abonnez-vous \u00e0 \u00ab l\u2019\u0152il de l\u2019ASAF\u00bb(lettre d\u2019infos mensuelle gratuite)>>\u00a0\u00bb _builder_version=\u00a0\u00bb4.24.3&Prime; _module_preset=\u00a0\u00bbdefault\u00a0\u00bb text_text_color=\u00a0\u00bb#00407D\u00a0\u00bb text_font_size=\u00a0\u00bb18px\u00a0\u00bb link_text_color=\u00a0\u00bb#00407D\u00a0\u00bb custom_margin=\u00a0\u00bb0px||||false|false\u00a0\u00bb custom_padding=\u00a0\u00bb20px||||false|false\u00a0\u00bb global_colors_info=\u00a0\u00bb{}\u00a0\u00bb]<\/p>\n<p style=\"text-align: center;\"><a classe=\"bleu\" href=\"https:\/\/swp-dev.com\/asaf-test\/boutique\/revues\/\" target=\"_blank\" rel=\"noopener\">Abonnez-vous \u00e0 \u00ab l\u2019\u0152il de l\u2019ASAF\u00bb<br \/>(lettre d\u2019infos mensuelle gratuite)<br \/>&gt;&gt;<\/a><\/p>\n<p>[\/et_pb_text][\/et_pb_column][et_pb_column type=\u00a0\u00bb1_3&Prime; _builder_version=\u00a0\u00bb4.24.3&Prime; _module_preset=\u00a0\u00bbdefault\u00a0\u00bb custom_padding=\u00a0\u00bb0px||0px||true|false\u00a0\u00bb border_width_top=\u00a0\u00bb10px\u00a0\u00bb border_color_top=\u00a0\u00bb#FFFFFF\u00a0\u00bb global_colors_info=\u00a0\u00bb{}\u00a0\u00bb][et_pb_text admin_label=\u00a0\u00bbTexte Vous souhaitez rejoindre l\u2019ASAF ?<br \/>\nCliquez ici<br \/>\n>>\u00a0\u00bb _builder_version=\u00a0\u00bb4.24.3&Prime; _module_preset=\u00a0\u00bbdefault\u00a0\u00bb text_text_color=\u00a0\u00bb#333333&Prime; text_font_size=\u00a0\u00bb18px\u00a0\u00bb link_text_color=\u00a0\u00bb#333333&Prime; custom_margin=\u00a0\u00bb0px||||false|false\u00a0\u00bb custom_padding=\u00a0\u00bb20px||||false|false\u00a0\u00bb global_colors_info=\u00a0\u00bb{}\u00a0\u00bb]<\/p>\n<p style=\"text-align: center;\"><a style=\"color: #333;\" href=\"https:\/\/swp-dev.com\/asaf-test\/l-asaf\/adherer-a-l-asaf\/\" target=\"_blank\" rel=\"noopener\">Vous souhaitez rejoindre l\u2019ASAF ?<br \/>Cliquez ici<br \/>&gt;&gt;<\/a><\/p>\n<p>[\/et_pb_text][\/et_pb_column][et_pb_column type=\u00a0\u00bb1_3&Prime; _builder_version=\u00a0\u00bb4.24.3&Prime; _module_preset=\u00a0\u00bbdefault\u00a0\u00bb custom_padding=\u00a0\u00bb0px||0px||true|false\u00a0\u00bb border_width_top=\u00a0\u00bb10px\u00a0\u00bb border_color_top=\u00a0\u00bb#AB0100&Prime; global_colors_info=\u00a0\u00bb{}\u00a0\u00bb][et_pb_text admin_label=\u00a0\u00bbTexte Commander le dernier num\u00e9ro<br \/>\nde la revue ENGAGEMENT<br \/>\n>>\u00a0\u00bb _builder_version=\u00a0\u00bb4.24.3&Prime; _module_preset=\u00a0\u00bbdefault\u00a0\u00bb text_text_color=\u00a0\u00bb#AB0100&Prime; text_font_size=\u00a0\u00bb18px\u00a0\u00bb link_text_color=\u00a0\u00bb#AB0100&Prime; custom_padding=\u00a0\u00bb20px||||false|false\u00a0\u00bb global_colors_info=\u00a0\u00bb{}\u00a0\u00bb]<\/p>\n<p style=\"text-align: center;\"><a class=\"rouge\" href=\"https:\/\/swp-dev.com\/asaf-test\/nos-actualites\/revue-dernier-numero\/\" target=\"_blank\" rel=\"noopener\">Commander le dernier num\u00e9ro<br \/>de la revue ENGAGEMENT<br \/>&gt;&gt;<\/a><\/p>\n<p>[\/et_pb_text][\/et_pb_column][\/et_pb_row][\/et_pb_section]<\/p>\n","protected":false},"excerpt":{"rendered":"<p>Ils ont con\u00e7u et r\u00e9alis\u00e9 ce siteCONCEPTION &amp; CONSEIL EN COMMUNICATIONPatrice de GAYFFIER, Consultant en communication&gt; www.unebonnecom.com &nbsp; DIRECTION ARTISTIQUEEmmanuelle SUBRIN, Directrice Artistique&gt; www.souslesorangers.com &nbsp; INT\u00c9GRATION&amp; D\u00c9VELOPPEMENT INFORMATIQUEPascal DERATH\u00c9, artisan du web (SWP)&gt; www.swp.fr &nbsp; WEBMASTER \/ ADMINISTRATION DU SITELaure FANJEAU, consultante&gt; fanjeaulaure@yahoo.frAbonnez-vous \u00e0 \u00ab l\u2019\u0152il de l\u2019ASAF\u00bb(lettre d\u2019infos mensuelle gratuite)&gt;&gt;Vous souhaitez rejoindre l\u2019ASAF ?Cliquez [&hellip;]<\/p>\n","protected":false},"author":1,"featured_media":0,"parent":0,"menu_order":90,"comment_status":"closed","ping_status":"closed","template":"","meta":{"_et_pb_use_builder":"on","_et_pb_old_content":"","_et_gb_content_width":"","footnotes":""},"class_list":["post-897","page","type-page","status-publish","hentry"],"_links":{"self":[{"href":"https:\/\/swp-dev.com\/asaf-test\/wp-json\/wp\/v2\/pages\/897","targetHints":{"allow":["GET"]}}],"collection":[{"href":"https:\/\/swp-dev.com\/asaf-test\/wp-json\/wp\/v2\/pages"}],"about":[{"href":"https:\/\/swp-dev.com\/asaf-test\/wp-json\/wp\/v2\/types\/page"}],"author":[{"embeddable":true,"href":"https:\/\/swp-dev.com\/asaf-test\/wp-json\/wp\/v2\/users\/1"}],"replies":[{"embeddable":true,"href":"https:\/\/swp-dev.com\/asaf-test\/wp-json\/wp\/v2\/comments?post=897"}],"version-history":[{"count":25,"href":"https:\/\/swp-dev.com\/asaf-test\/wp-json\/wp\/v2\/pages\/897\/revisions"}],"predecessor-version":[{"id":2943,"href":"https:\/\/swp-dev.com\/asaf-test\/wp-json\/wp\/v2\/pages\/897\/revisions\/2943"}],"wp:attachment":[{"href":"https:\/\/swp-dev.com\/asaf-test\/wp-json\/wp\/v2\/media?parent=897"}],"curies":[{"name":"wp","href":"https:\/\/api.w.org\/{rel}","templated":true}]}}