{"id":935,"date":"2024-03-01T09:51:14","date_gmt":"2024-03-01T08:51:14","guid":{"rendered":"https:\/\/swp-dev.com\/asaf-test\/?page_id=935"},"modified":"2024-04-28T17:02:57","modified_gmt":"2024-04-28T15:02:57","slug":"nos-activites","status":"publish","type":"page","link":"https:\/\/swp-dev.com\/asaf-test\/l-asaf\/nos-activites\/","title":{"rendered":"Nos activit\u00e9s"},"content":{"rendered":"<p>[et_pb_section fb_built=\u00a0\u00bb1&Prime; admin_label=\u00a0\u00bbSection Th\u00e9matiques\u00a0\u00bb _builder_version=\u00a0\u00bb4.24.3&Prime; custom_margin=\u00a0\u00bb0px|0px|0px|0px|true|true\u00a0\u00bb custom_padding=\u00a0\u00bb0px|0px|40px|0px|false|true\u00a0\u00bb global_colors_info=\u00a0\u00bb{}\u00a0\u00bb][et_pb_row admin_label=\u00a0\u00bbLigne bandeau + titre\u00a0\u00bb _builder_version=\u00a0\u00bb4.24.3&Prime; background_size=\u00a0\u00bbinitial\u00a0\u00bb background_position=\u00a0\u00bbtop_left\u00a0\u00bb background_repeat=\u00a0\u00bbrepeat\u00a0\u00bb width=\u00a0\u00bb100%\u00a0\u00bb max_width=\u00a0\u00bb100%\u00a0\u00bb module_alignment=\u00a0\u00bbcenter\u00a0\u00bb custom_margin=\u00a0\u00bb0px||||false|false\u00a0\u00bb custom_padding=\u00a0\u00bb0px||27px||false|false\u00a0\u00bb collapsed=\u00a0\u00bboff\u00a0\u00bb global_colors_info=\u00a0\u00bb{}\u00a0\u00bb][et_pb_column type=\u00a0\u00bb4_4&Prime; _builder_version=\u00a0\u00bb4.16&Prime; custom_padding=\u00a0\u00bb|||\u00a0\u00bb global_colors_info=\u00a0\u00bb{}\u00a0\u00bb custom_padding__hover=\u00a0\u00bb|||\u00a0\u00bb][et_pb_image src=\u00a0\u00bbhttps:\/\/swp-dev.com\/asaf-test\/wp-content\/uploads\/2024\/04\/bandeau-nos-activites-1900&#215;290-1.jpg\u00a0\u00bb title_text=\u00a0\u00bbbandeau-nos-activites-1900&#215;290&Prime; force_fullwidth=\u00a0\u00bbon\u00a0\u00bb admin_label=\u00a0\u00bbImage bandeau glossaire\u00a0\u00bb _builder_version=\u00a0\u00bb4.25.0&Prime; _module_preset=\u00a0\u00bbdefault\u00a0\u00bb global_colors_info=\u00a0\u00bb{}\u00a0\u00bb][\/et_pb_image][et_pb_text admin_label=\u00a0\u00bbh1 Nos activit\u00e9s\u00a0\u00bb _builder_version=\u00a0\u00bb4.25.0&Prime; _module_preset=\u00a0\u00bb96bf8191-23c7-47ba-bd5e-9226766feec2&Prime; custom_margin=\u00a0\u00bb||40px||false|false\u00a0\u00bb hover_enabled=\u00a0\u00bb0&Prime; global_colors_info=\u00a0\u00bb{}\u00a0\u00bb sticky_enabled=\u00a0\u00bb0&Prime;]<\/p>\n<h1 style=\"text-align: center;\"><strong>Nos activit\u00e9s<\/strong><\/h1>\n<p style=\"text-align: center;\">L\u2019ASAF est active. L\u2019ASAF r\u00e9agit. L\u2019ASAF s\u2019implique. Et c\u2019est pour cela que ses adh\u00e9rents appr\u00e9cient leur association !<\/p>\n<p style=\"text-align: center;\">[\/et_pb_text][\/et_pb_column][\/et_pb_row][et_pb_row column_structure=\u00a0\u00bb2_5,3_5&Prime; admin_label=\u00a0\u00bbLigne 1+1 colonnes\u00a0\u00bb _builder_version=\u00a0\u00bb4.25.0&Prime; _module_preset=\u00a0\u00bbdefault\u00a0\u00bb width=\u00a0\u00bb100%\u00a0\u00bb max_width=\u00a0\u00bb100%\u00a0\u00bb module_alignment=\u00a0\u00bbcenter\u00a0\u00bb custom_margin=\u00a0\u00bb0px|0px|40px|0px|false|true\u00a0\u00bb custom_padding=\u00a0\u00bb0px|5vw|0px|5vw|true|true\u00a0\u00bb global_colors_info=\u00a0\u00bb{}\u00a0\u00bb][et_pb_column type=\u00a0\u00bb2_5&Prime; _builder_version=\u00a0\u00bb4.24.3&Prime; _module_preset=\u00a0\u00bbdefault\u00a0\u00bb custom_padding=\u00a0\u00bb|0px||0px|false|true\u00a0\u00bb custom_css_main_element=\u00a0\u00bbwidth:30vw!important;margin:0 4vw 0 0!important;\u00a0\u00bb global_colors_info=\u00a0\u00bb{}\u00a0\u00bb][et_pb_text admin_label=\u00a0\u00bbTexte Devenir m\u00e9c\u00e8ne\u00a0\u00bb _builder_version=\u00a0\u00bb4.24.3&Prime; _module_preset=\u00a0\u00bbdefault\u00a0\u00bb text_text_color=\u00a0\u00bb#FFFFFF\u00a0\u00bb text_font_size=\u00a0\u00bb20px\u00a0\u00bb ul_line_height=\u00a0\u00bb1.6em\u00a0\u00bb header_text_color=\u00a0\u00bb#FFFFFF\u00a0\u00bb header_font_size=\u00a0\u00bb31px\u00a0\u00bb header_2_font=\u00a0\u00bb|||on|||||\u00a0\u00bb header_2_text_color=\u00a0\u00bb#FFFFFF\u00a0\u00bb header_2_font_size=\u00a0\u00bb28px\u00a0\u00bb background_color=\u00a0\u00bb#AB0100&Prime; custom_margin=\u00a0\u00bb||40px||false|false\u00a0\u00bb custom_padding=\u00a0\u00bb40px|2.5vw|40px|2.5vw|true|true\u00a0\u00bb global_module=\u00a0\u00bb2746&Prime; global_colors_info=\u00a0\u00bb{}\u00a0\u00bb]<\/p>\n<h2 style=\"text-align: center;\"><\/h2>\n<h2 style=\"text-align: center;\"><img loading=\"lazy\" decoding=\"async\" src=\"https:\/\/swp-dev.com\/asaf-test\/wp-content\/uploads\/2024\/04\/picto-don-412x382-1.png\" width=\"236\" height=\"219\" alt=\"\" class=\"wp-image-1867 aligncenter size-full\" srcset=\"https:\/\/swp-dev.com\/asaf-test\/wp-content\/uploads\/2024\/04\/picto-don-412x382-1.png 412w, https:\/\/swp-dev.com\/asaf-test\/wp-content\/uploads\/2024\/04\/picto-don-412x382-1-300x278.png 300w\" sizes=\"auto, (max-width: 236px) 100vw, 236px\" \/><\/h2>\n<h2 style=\"text-align: center;\">Devenir m\u00e9c\u00e8ne,<br \/>faire un don<br \/>ou un legs \u00e0 l\u2019ASAF ?<\/h2>\n<p style=\"text-align: center;\">Ce serait formidable<br \/>pour notre association !<\/p>\n<p style=\"text-align: center;\">C\u2019est tr\u00e8s simple,<br \/>toutes les infos sont ici &gt;&gt;<\/p>\n<p>[\/et_pb_text][et_pb_image src=\u00a0\u00bbhttps:\/\/swp-dev.com\/asaf-test\/wp-content\/uploads\/2024\/04\/nos-activites-col.jpg\u00a0\u00bb title_text=\u00a0\u00bbnos-activites-col\u00a0\u00bb force_fullwidth=\u00a0\u00bbon\u00a0\u00bb admin_label=\u00a0\u00bbImage h\u00e9licopt\u00e8re\u00a0\u00bb _builder_version=\u00a0\u00bb4.25.0&Prime; _module_preset=\u00a0\u00bbdefault\u00a0\u00bb custom_margin=\u00a0\u00bb0px|0px|40px|0px|false|true\u00a0\u00bb custom_padding=\u00a0\u00bb0px|0px|0px|0px|true|true\u00a0\u00bb global_colors_info=\u00a0\u00bb{}\u00a0\u00bb][\/et_pb_image][et_pb_text admin_label=\u00a0\u00bbTexte revue Engagement\u00a0\u00bb _builder_version=\u00a0\u00bb4.25.0&Prime; _dynamic_attributes=\u00a0\u00bblink_option_url\u00a0\u00bb _module_preset=\u00a0\u00bbdefault\u00a0\u00bb text_text_color=\u00a0\u00bb#FFFFFF\u00a0\u00bb text_font_size=\u00a0\u00bb20px\u00a0\u00bb header_2_text_color=\u00a0\u00bb#FFFFFF\u00a0\u00bb header_2_font_size=\u00a0\u00bb36px\u00a0\u00bb header_2_line_height=\u00a0\u00bb40px\u00a0\u00bb background_color=\u00a0\u00bb#AB0100&Prime; custom_margin=\u00a0\u00bb0px|0px|0px|0px|false|true\u00a0\u00bb custom_padding=\u00a0\u00bb40px|2.5vw|40px|2.5vw|false|true\u00a0\u00bb link_option_url=\u00a0\u00bb@ET-DC@eyJkeW5hbWljIjp0cnVlLCJjb250ZW50IjoicG9zdF9saW5rX3VybF9wYWdlIiwic2V0dGluZ3MiOnsicG9zdF9pZCI6IjcwNCJ9fQ==@\u00a0\u00bb header_2_font_size_tablet=\u00a0\u00bb26px\u00a0\u00bb header_2_font_size_phone=\u00a0\u00bb22px\u00a0\u00bb header_2_font_size_last_edited=\u00a0\u00bbon|desktop\u00a0\u00bb header_2_line_height_tablet=\u00a0\u00bb26px\u00a0\u00bb header_2_line_height_phone=\u00a0\u00bb26px\u00a0\u00bb header_2_line_height_last_edited=\u00a0\u00bbon|tablet\u00a0\u00bb global_module=\u00a0\u00bb2319&Prime; saved_tabs=\u00a0\u00bball\u00a0\u00bb global_colors_info=\u00a0\u00bb{}\u00a0\u00bb]<\/p>\n<h2 style=\"text-align: center;\"><strong>INDOCHINE 1954 \/ 2024<\/strong><\/h2>\n<hr style=\"text-align: center; height: 6px; background-color: #fff; margin-bottom: 25px;\" \/>\n<p style=\"text-align: center;\"><span style=\"font-size: x-large;\">D\u00e9couvrez notre dossier sp\u00e9cial<br \/>\u201c70 ANS APR\u00c8S\u201c<br \/>dans le dernier num\u00e9ro<\/span><\/p>\n<p><img loading=\"lazy\" decoding=\"async\" class=\"aligncenter wp-image-2068 size-full\" src=\"https:\/\/swp-dev.com\/asaf-test\/wp-content\/uploads\/2024\/04\/revue-engagement-indochine-avec-ombre-423x603-1.png\" alt=\"\" width=\"365\" height=\"520\" srcset=\"https:\/\/swp-dev.com\/asaf-test\/wp-content\/uploads\/2024\/04\/revue-engagement-indochine-avec-ombre-423x603-1.png 423w, https:\/\/swp-dev.com\/asaf-test\/wp-content\/uploads\/2024\/04\/revue-engagement-indochine-avec-ombre-423x603-1-210x300.png 210w\" sizes=\"auto, (max-width: 365px) 100vw, 365px\" \/><\/p>\n<p style=\"text-align: center;\">Cliquez ici &gt;&gt;<\/p>\n<p>[\/et_pb_text][\/et_pb_column][et_pb_column type=\u00a0\u00bb3_5&Prime; _builder_version=\u00a0\u00bb4.24.3&Prime; _module_preset=\u00a0\u00bbdefault\u00a0\u00bb custom_padding=\u00a0\u00bb|0px||0px|false|true\u00a0\u00bb custom_css_main_element=\u00a0\u00bbwidth:55vw!important;margin:0!important;\u00a0\u00bb global_colors_info=\u00a0\u00bb{}\u00a0\u00bb][et_pb_text disabled_on=\u00a0\u00bbon|on|on\u00a0\u00bb _builder_version=\u00a0\u00bb4.25.0&Prime; _module_preset=\u00a0\u00bbdefault\u00a0\u00bb disabled=\u00a0\u00bbon\u00a0\u00bb global_colors_info=\u00a0\u00bb{}\u00a0\u00bb]<\/p>\n<h2><strong><span class=\"bleu\">ASAF : UNE ASSOCIATION ACTIVE !<\/span><\/strong><\/h2>\n<p>&nbsp;<\/p>\n<p><span class=\"rouge\" style=\"font-size: 18pt;\">1- COMMUNICATION (niveau central) :<\/span><\/p>\n<ul>\n<li><span class=\"bleu\">Site web www.asafrance.fr<\/span> : mis \u00e0 jour quotidiennement<br \/>par nos \u00e9quipes. Une refonte r\u00e9cente vous propose toujours<br \/>plus de services et d\u2019informations li\u00e9s au monde militaire<br \/><a href=\"https:\/\/swp-dev.com\/asaf-test\/\">voir ici &gt;&gt;<\/a><\/li>\n<li><span class=\"bleu\">Dossiers th\u00e9matiques<\/span> : con\u00e7us et r\u00e9dig\u00e9s par des<br \/>\u00ab plumes \u00bb ext\u00e9rieures sp\u00e9cialis\u00e9es<br \/><a href=\"https:\/\/swp-dev.com\/asaf-test\/productions-asaf\/dossiers-speciaux\/\">voir ici &gt;&gt;<\/a><\/li>\n<li><span class=\"bleu\">S\u00e9lection mensuelle d\u2019actualit\u00e9s<\/span> : arm\u00e9es, politique,<br \/>g\u00e9ostrat\u00e9gie, relations internationales,\u2026 il y en a pour tous<br \/>les go\u00fbts<br \/><a href=\"https:\/\/swp-dev.com\/asaf-test\/nos-actualites\/dernieres-actus\/\">voir ici &gt;&gt;<\/a><\/li>\n<li><span class=\"bleu\">Lettre mensuelle d\u2019information (\u00ab L\u2019OEIL DE l\u2019ASAF \u00bb)<\/span> : un oeil<br \/>pointu, parfois caustique ou impertinent, mais toujours<br \/>dans la droite ligne des valeurs et mission de l\u2019ASAF<br \/><a href=\"https:\/\/swp-dev.com\/asaf-test\/productions-asaf\/l-oeil-de-l-asaf\/\">voir ici &gt;&gt;<\/a><\/li>\n<li><span class=\"bleu\">Billet d\u2019humeur<\/span> : sign\u00e9 de la r\u00e9daction\u2026 et propos\u00e9 quand<br \/>l\u2019humeur nous prend de commenter l\u2019actualit\u00e9 sp\u00e9ciale<br \/>d\u00e9fense, en France comme \u00e0 l\u2019international<br \/><a href=\"https:\/\/swp-dev.com\/asaf-test\/nos-actualites\/billet-d-humeur\/\">voir ici &gt;&gt;<\/a><\/li>\n<li><span class=\"bleu\">Revue trimestrielle (\u00ab ENGAGEMENT \u00bb)<\/span> : 116 pages hautes en<br \/>couleurs, proposant des articles de grandes signatures,<br \/>civiles ou militaires, des dossiers de fond, des retours sur de<br \/>grandes \u00e9pop\u00e9es militaires, etc.<br \/><a href=\"https:\/\/swp-dev.com\/asaf-test\/productions-asaf\/revue-engagement\/\">voir ici &gt;&gt;<\/a><\/li>\n<li><span class=\"bleu\">Num\u00e9ro hors-s\u00e9rie<\/span> : 208 pages sur un sujet pr\u00e9cis, fort, et<br \/>toujours li\u00e9 de pr\u00e8s ou de loin \u00e0 l\u2019Arm\u00e9e fran\u00e7aise<br \/><a href=\"https:\/\/swp-dev.com\/asaf-test\/boutique\/hors-series-numeros-speciaux\/\">voir ici &gt;&gt;<\/a><\/li>\n<li><span class=\"bleu\">Production ou r\u00e9alisation vid\u00e9o<\/span> : divers documentaires tels<br \/>la s\u00e9rie \u00ab H\u00e9ro\u00efques \u00bb<br \/><a href=\"https:\/\/swp-dev.com\/asaf-test\/productions-asaf\/videos\/\">voir ici &gt;&gt;<\/a><\/li>\n<\/ul>\n<p><span class=\"rouge\" style=\"font-size: 18pt;\">\u00a0<\/span><\/p>\n<p><span class=\"rouge\" style=\"font-size: 18pt;\">2- \u00c9V\u00c9NEMENTS LOCAUX (niveau d\u00e9partemental)<\/span><br \/>en liaison avec d\u2019autres associations (IHEDN, CIDAN, UNC, UNOR, Troph\u00e9e du Civisme, Solidarit\u00e9 D\u00e9fense\u2026) :<\/p>\n<ul>\n<li><span class=\"bleu\">Caf\u00e9s strat\u00e9giques<\/span> : avec des \u00e9tudiants sur des sujets de g\u00e9opolitique<\/li>\n<li><span class=\"bleu\">Conf\u00e9rences locales et gratuites<\/span> : organis\u00e9es sur des sujets historiques et d\u2019actualit\u00e9 relatifs \u00e0 la D\u00e9fense\n<ul>\n<li><span class=\"bleu\">Visites<\/span> : d\u2019unit\u00e9s et d\u2019installations militaires<\/li>\n<li><span class=\"bleu\">Interventions de membres de l\u2019ASAF<\/span> : dans les lyc\u00e9es sur les sujets historiques, li\u00e9s \u00e0 la D\u00e9fense ou aux conflits<\/li>\n<li><span class=\"bleu\">\u00ab Chemins de la M\u00e9moire \u00bb<\/span> : parcours destin\u00e9s aux jeunes\u00a0<span class=\"bleu\">C\u00e9r\u00e9monies comm\u00e9moratives<\/span> : participation, parfois active, via nos membres ASAF<\/li>\n<\/ul>\n<\/li>\n<\/ul>\n<p>[\/et_pb_text][et_pb_text _builder_version=\u00a0\u00bb4.25.0&Prime; _module_preset=\u00a0\u00bbdefault\u00a0\u00bb global_colors_info=\u00a0\u00bb{}\u00a0\u00bb]<\/p>\n<h2><strong><span class=\"bleu\">ASAF : UNE ASSOCIATION ACTIVE !<\/span><\/strong><\/h2>\n<p>&nbsp;<\/p>\n<p><span class=\"rouge\" style=\"font-size: 18pt;\">1- COMMUNICATION (niveau central) :<\/span><\/p>\n<ul>\n<li><span class=\"bleu\">Site web www.asafrance.fr<\/span> : mis \u00e0 jour quotidiennement par nos \u00e9quipes. Une refonte r\u00e9cente vous propose toujours plus de services et d\u2019informations li\u00e9s au monde militaire<br \/><a href=\"https:\/\/swp-dev.com\/asaf-test\/\">voir ici &gt;&gt;<\/a><br \/>&nbsp;<\/li>\n<li><span class=\"bleu\">Dossiers th\u00e9matiques<\/span> : con\u00e7us et r\u00e9dig\u00e9s par des \u00ab plumes \u00bb ext\u00e9rieures sp\u00e9cialis\u00e9es<br \/><a href=\"https:\/\/swp-dev.com\/asaf-test\/productions-asaf\/dossiers-speciaux\/\">voir ici &gt;&gt;<\/a><br \/>&nbsp;<\/li>\n<li><span class=\"bleu\">S\u00e9lection mensuelle d\u2019actualit\u00e9s<\/span> : arm\u00e9es, politique, g\u00e9ostrat\u00e9gie, relations internationales,\u2026 il y en a pour tous les go\u00fbts<br \/><a href=\"https:\/\/swp-dev.com\/asaf-test\/nos-actualites\/dernieres-actus\/\">voir ici &gt;&gt;<\/a><br \/>&nbsp;<\/li>\n<li><span class=\"bleu\">Lettre mensuelle d\u2019information (\u00ab L\u2019OEIL DE l\u2019ASAF \u00bb)<\/span> : un oeil pointu, parfois caustique ou impertinent, mais toujours dans la droite ligne des valeurs et mission de l\u2019ASAF<br \/><a href=\"https:\/\/swp-dev.com\/asaf-test\/productions-asaf\/l-oeil-de-l-asaf\/\">voir ici &gt;&gt;<\/a><br \/>&nbsp;<\/li>\n<li><span class=\"bleu\">Billet d\u2019humeur<\/span> : sign\u00e9 de la r\u00e9daction\u2026 et propos\u00e9 quand l\u2019humeur nous prend de commenter l\u2019actualit\u00e9 sp\u00e9ciale d\u00e9fense, en France comme \u00e0 l\u2019international<br \/><a href=\"https:\/\/swp-dev.com\/asaf-test\/nos-actualites\/billet-d-humeur\/\">voir ici &gt;&gt;<\/a><br \/>&nbsp;<\/li>\n<li><span class=\"bleu\">Revue trimestrielle (\u00ab ENGAGEMENT \u00bb)<\/span> : 116 pages hautes en couleurs, proposant des articles de grandes signatures, civiles ou militaires, des dossiers de fond, des retours sur de grandes \u00e9pop\u00e9es militaires, etc.<br \/><a href=\"https:\/\/swp-dev.com\/asaf-test\/productions-asaf\/revue-engagement\/\">voir ici &gt;&gt;<\/a><br \/>&nbsp;<\/li>\n<li><span class=\"bleu\">Num\u00e9ro hors-s\u00e9rie<\/span> : 208 pages sur un sujet pr\u00e9cis, fort, et toujours li\u00e9 de pr\u00e8s ou de loin \u00e0 l\u2019Arm\u00e9e fran\u00e7aise<br \/><a href=\"https:\/\/swp-dev.com\/asaf-test\/boutique\/hors-series-numeros-speciaux\/\">voir ici &gt;&gt;<\/a><\/li>\n<li><span class=\"bleu\">Production ou r\u00e9alisation vid\u00e9o<\/span> : divers documentaires tels la s\u00e9rie \u00ab H\u00e9ro\u00efques \u00bb<br \/><a href=\"https:\/\/swp-dev.com\/asaf-test\/productions-asaf\/videos\/\">voir ici &gt;&gt;<\/a><br \/>&nbsp;<\/li>\n<\/ul>\n<p><span class=\"rouge\" style=\"font-size: 18pt;\">\u00a0<\/span><\/p>\n<p><span class=\"rouge\" style=\"font-size: 18pt;\">2- \u00c9V\u00c9NEMENTS LOCAUX (niveau d\u00e9partemental)<\/span><br \/>en liaison avec d\u2019autres associations (IHEDN, CIDAN, UNC, UNOR, Troph\u00e9e du Civisme, Solidarit\u00e9 D\u00e9fense\u2026) :<br \/>&nbsp;<\/p>\n<ul>\n<li><span class=\"bleu\">Caf\u00e9s strat\u00e9giques<\/span> : avec des \u00e9tudiants sur des sujets de g\u00e9opolitique<br \/>&nbsp;<\/li>\n<li><span class=\"bleu\">Conf\u00e9rences locales et gratuites<\/span> : organis\u00e9es sur des sujets historiques et d\u2019actualit\u00e9 relatifs \u00e0 la D\u00e9fense<br \/>&nbsp;<\/li>\n<li><span class=\"bleu\">Visites<\/span> : d\u2019unit\u00e9s et d\u2019installations militaires<br \/>&nbsp;<\/li>\n<li><span class=\"bleu\">Interventions de membres de l\u2019ASAF<\/span> : dans les lyc\u00e9es sur les sujets historiques, li\u00e9s \u00e0 la D\u00e9fense ou aux conflits<br \/>&nbsp;<\/li>\n<li><span class=\"bleu\">\u00ab Chemins de la M\u00e9moire \u00bb<\/span> : parcours destin\u00e9s aux jeunes\u00a0<span class=\"bleu\">C\u00e9r\u00e9monies comm\u00e9moratives<\/span> : participation, parfois active, via nos membres ASAF<br \/>&nbsp;<\/li>\n<\/ul>\n<p>[\/et_pb_text][\/et_pb_column][\/et_pb_row][et_pb_row column_structure=\u00a0\u00bb1_3,1_3,1_3&Prime; use_custom_gutter=\u00a0\u00bbon\u00a0\u00bb gutter_width=\u00a0\u00bb1&Prime; admin_label=\u00a0\u00bbLigne bordure haute 3 colonnes bleu blanc rouge 3&#215;30%\u00a0\u00bb _builder_version=\u00a0\u00bb4.24.3&Prime; _module_preset=\u00a0\u00bbdefault\u00a0\u00bb width=\u00a0\u00bb100vw\u00a0\u00bb max_width=\u00a0\u00bb100vw\u00a0\u00bb module_alignment=\u00a0\u00bbcenter\u00a0\u00bb custom_margin=\u00a0\u00bb|0px||0px|false|true\u00a0\u00bb custom_padding=\u00a0\u00bb|5vw||5vw|false|true\u00a0\u00bb global_module=\u00a0\u00bb2002&Prime; collapsed=\u00a0\u00bbon\u00a0\u00bb global_colors_info=\u00a0\u00bb{}\u00a0\u00bb][et_pb_column type=\u00a0\u00bb1_3&Prime; _builder_version=\u00a0\u00bb4.24.3&Prime; _module_preset=\u00a0\u00bbdefault\u00a0\u00bb custom_padding=\u00a0\u00bb0px||0px||true|false\u00a0\u00bb border_width_top=\u00a0\u00bb10px\u00a0\u00bb border_color_top=\u00a0\u00bb#00407D\u00a0\u00bb global_colors_info=\u00a0\u00bb{}\u00a0\u00bb][et_pb_text admin_label=\u00a0\u00bbTexte Abonnez-vous \u00e0 \u00ab l\u2019\u0152il de l\u2019ASAF\u00bb(lettre d\u2019infos mensuelle gratuite)>>\u00a0\u00bb _builder_version=\u00a0\u00bb4.24.3&Prime; _module_preset=\u00a0\u00bbdefault\u00a0\u00bb text_text_color=\u00a0\u00bb#00407D\u00a0\u00bb text_font_size=\u00a0\u00bb18px\u00a0\u00bb link_text_color=\u00a0\u00bb#00407D\u00a0\u00bb custom_margin=\u00a0\u00bb0px||||false|false\u00a0\u00bb custom_padding=\u00a0\u00bb20px||||false|false\u00a0\u00bb global_colors_info=\u00a0\u00bb{}\u00a0\u00bb]<\/p>\n<p style=\"text-align: center;\"><a classe=\"bleu\" href=\"https:\/\/swp-dev.com\/asaf-test\/boutique\/revues\/\" target=\"_blank\" rel=\"noopener\">Abonnez-vous \u00e0 \u00ab l\u2019\u0152il de l\u2019ASAF\u00bb<br \/>(lettre d\u2019infos mensuelle gratuite)<br \/>&gt;&gt;<\/a><\/p>\n<p>[\/et_pb_text][\/et_pb_column][et_pb_column type=\u00a0\u00bb1_3&Prime; _builder_version=\u00a0\u00bb4.24.3&Prime; _module_preset=\u00a0\u00bbdefault\u00a0\u00bb custom_padding=\u00a0\u00bb0px||0px||true|false\u00a0\u00bb border_width_top=\u00a0\u00bb10px\u00a0\u00bb border_color_top=\u00a0\u00bb#FFFFFF\u00a0\u00bb global_colors_info=\u00a0\u00bb{}\u00a0\u00bb][et_pb_text admin_label=\u00a0\u00bbTexte Vous souhaitez rejoindre l\u2019ASAF ?<br \/>\nCliquez ici<br \/>\n>>\u00a0\u00bb _builder_version=\u00a0\u00bb4.24.3&Prime; _module_preset=\u00a0\u00bbdefault\u00a0\u00bb text_text_color=\u00a0\u00bb#333333&Prime; text_font_size=\u00a0\u00bb18px\u00a0\u00bb link_text_color=\u00a0\u00bb#333333&Prime; custom_margin=\u00a0\u00bb0px||||false|false\u00a0\u00bb custom_padding=\u00a0\u00bb20px||||false|false\u00a0\u00bb global_colors_info=\u00a0\u00bb{}\u00a0\u00bb]<\/p>\n<p style=\"text-align: center;\"><a style=\"color: #333;\" href=\"https:\/\/swp-dev.com\/asaf-test\/l-asaf\/adherer-a-l-asaf\/\" target=\"_blank\" rel=\"noopener\">Vous souhaitez rejoindre l\u2019ASAF ?<br \/>Cliquez ici<br \/>&gt;&gt;<\/a><\/p>\n<p>[\/et_pb_text][\/et_pb_column][et_pb_column type=\u00a0\u00bb1_3&Prime; _builder_version=\u00a0\u00bb4.24.3&Prime; _module_preset=\u00a0\u00bbdefault\u00a0\u00bb custom_padding=\u00a0\u00bb0px||0px||true|false\u00a0\u00bb border_width_top=\u00a0\u00bb10px\u00a0\u00bb border_color_top=\u00a0\u00bb#AB0100&Prime; global_colors_info=\u00a0\u00bb{}\u00a0\u00bb][et_pb_text admin_label=\u00a0\u00bbTexte Commander le dernier num\u00e9ro<br \/>\nde la revue ENGAGEMENT<br \/>\n>>\u00a0\u00bb _builder_version=\u00a0\u00bb4.24.3&Prime; _module_preset=\u00a0\u00bbdefault\u00a0\u00bb text_text_color=\u00a0\u00bb#AB0100&Prime; text_font_size=\u00a0\u00bb18px\u00a0\u00bb link_text_color=\u00a0\u00bb#AB0100&Prime; custom_padding=\u00a0\u00bb20px||||false|false\u00a0\u00bb global_colors_info=\u00a0\u00bb{}\u00a0\u00bb]<\/p>\n<p style=\"text-align: center;\"><a class=\"rouge\" href=\"https:\/\/swp-dev.com\/asaf-test\/nos-actualites\/revue-dernier-numero\/\" target=\"_blank\" rel=\"noopener\">Commander le dernier num\u00e9ro<br \/>de la revue ENGAGEMENT<br \/>&gt;&gt;<\/a><\/p>\n<p>[\/et_pb_text][\/et_pb_column][\/et_pb_row][\/et_pb_section]<\/p>\n","protected":false},"excerpt":{"rendered":"<p>Nos activit\u00e9s L\u2019ASAF est active. L\u2019ASAF r\u00e9agit. L\u2019ASAF s\u2019implique. Et c\u2019est pour cela que ses adh\u00e9rents appr\u00e9cient leur association ! Devenir m\u00e9c\u00e8ne,faire un donou un legs \u00e0 l\u2019ASAF ? Ce serait formidablepour notre association ! C\u2019est tr\u00e8s simple,toutes les infos sont ici &gt;&gt; INDOCHINE 1954 \/ 2024 D\u00e9couvrez notre dossier sp\u00e9cial\u201c70 ANS APR\u00c8S\u201cdans le dernier [&hellip;]<\/p>\n","protected":false},"author":1,"featured_media":0,"parent":383,"menu_order":40,"comment_status":"closed","ping_status":"closed","template":"","meta":{"_et_pb_use_builder":"on","_et_pb_old_content":"<h1>Th\u00e9matiques<\/h1>","_et_gb_content_width":"","footnotes":""},"class_list":["post-935","page","type-page","status-publish","hentry"],"_links":{"self":[{"href":"https:\/\/swp-dev.com\/asaf-test\/wp-json\/wp\/v2\/pages\/935","targetHints":{"allow":["GET"]}}],"collection":[{"href":"https:\/\/swp-dev.com\/asaf-test\/wp-json\/wp\/v2\/pages"}],"about":[{"href":"https:\/\/swp-dev.com\/asaf-test\/wp-json\/wp\/v2\/types\/page"}],"author":[{"embeddable":true,"href":"https:\/\/swp-dev.com\/asaf-test\/wp-json\/wp\/v2\/users\/1"}],"replies":[{"embeddable":true,"href":"https:\/\/swp-dev.com\/asaf-test\/wp-json\/wp\/v2\/comments?post=935"}],"version-history":[{"count":20,"href":"https:\/\/swp-dev.com\/asaf-test\/wp-json\/wp\/v2\/pages\/935\/revisions"}],"predecessor-version":[{"id":2931,"href":"https:\/\/swp-dev.com\/asaf-test\/wp-json\/wp\/v2\/pages\/935\/revisions\/2931"}],"up":[{"embeddable":true,"href":"https:\/\/swp-dev.com\/asaf-test\/wp-json\/wp\/v2\/pages\/383"}],"wp:attachment":[{"href":"https:\/\/swp-dev.com\/asaf-test\/wp-json\/wp\/v2\/media?parent=935"}],"curies":[{"name":"wp","href":"https:\/\/api.w.org\/{rel}","templated":true}]}}